{"id":149868,"date":"2023-03-13T00:00:00","date_gmt":"2023-03-13T00:00:00","guid":{"rendered":""},"modified":"2023-07-04T11:37:07","modified_gmt":"2023-07-04T11:37:07","slug":"maverik_axiom_frauen_lacrosse_head_oml-axh-3002","status":"publish","type":"product","link":"https:\/\/www.captain-lax.com\/en\/maverik_axiom_frauen_lacrosse_head_oml-axh-3002\/","title":{"rendered":"Maverik Axiom Frauen Lacrosse Head"},"content":{"rendered":"<p>The <b>Maverik Axiom Lacrosse Head<\/b> is the perfect companion for every woman who is serious about lacrosse.<\/p>\n<p>Advantages of the <b>Maverik Axiom Lacrosse Head<\/b>:<\/p>\n<ul>\n<li>The head has the narrowest shape that is legally permitted and thus automatically brings the ball to the sweet spot<\/li>\n<li>The shape of the scoop is optimized for precise passing and shooting<\/li>\n<li>Sidewall and scoop holes are shielded and thus protect stringing from wear and tear<\/li>\n<li>Stiff sidewall design ensures better energy transfer when shooting<\/li>\n<\/ul>\n","protected":false},"excerpt":{"rendered":"<p>The Maverik Axiom Lacrosse Head is the perfect companion for every woman who is serious about lacrosse. Advantages of the Maverik Axiom Lacrosse Head: The head has the narrowest shape that is legally permitted and thus automatically brings the ball to the sweet spot The shape of the scoop is [&hellip;]<\/p>\n","protected":false},"featured_media":149906,"template":"","meta":[],"pwb-brand":[14954],"product_brand":[],"product_cat":[5375,5383,5373],"product_tag":[],"class_list":{"0":"post-149868","1":"product","2":"type-product","3":"status-publish","4":"has-post-thumbnail","6":"pwb-brand-maverik","7":"product_cat-lax_sticks_women_en_GB","8":"product_cat-lax_unstrung_heads_women_en_GB","9":"product_cat-lax_womens_lacrosse_en_GB","10":"pa_woosap_zolltarifnummer-9506-9190-000-en","12":"first","13":"instock","14":"taxable","15":"shipping-taxable","16":"purchasable","17":"product-type-variable"},"yoast_head":"<!-- This site is optimized with the Yoast SEO plugin v27.4 - https:\/\/yoast.com\/product\/yoast-seo-wordpress\/ -->\n<title>Maverik Axiom Frauen Lacrosse Head - Captain-Lax - The European Lacrosse Shop<\/title>\n<meta name=\"description\" content=\"Maverik Axiom Lacrosse Schl\u00e4gerkopf - Der Maverik Axiom Lacrosse Schl\u00e4gerkopf ist der perfekte Begleiter, f\u00fcr jede Frau die es Ernst meint mit Lacrosse.Vorteile des Maver...\" \/>\n<meta name=\"robots\" content=\"index, follow, max-snippet:-1, max-image-preview:large, max-video-preview:-1\" \/>\n<link rel=\"canonical\" href=\"https:\/\/www.captain-lax.com\/en\/maverik_axiom_frauen_lacrosse_head_oml-axh-3002\/\" \/>\n<meta property=\"og:locale\" content=\"en_US\" \/>\n<meta property=\"og:type\" content=\"article\" \/>\n<meta property=\"og:title\" content=\"Maverik Axiom Frauen Lacrosse Head - Captain-Lax - The European Lacrosse Shop\" \/>\n<meta property=\"og:description\" content=\"Maverik Axiom Lacrosse Schl\u00e4gerkopf - Der Maverik Axiom Lacrosse Schl\u00e4gerkopf ist der perfekte Begleiter, f\u00fcr jede Frau die es Ernst meint mit Lacrosse.Vorteile des Maver...\" \/>\n<meta property=\"og:url\" content=\"https:\/\/www.captain-lax.com\/en\/maverik_axiom_frauen_lacrosse_head_oml-axh-3002\/\" \/>\n<meta property=\"og:site_name\" content=\"Captain-Lax - The European Lacrosse Shop\" \/>\n<meta property=\"article:modified_time\" content=\"2023-07-04T11:37:07+00:00\" \/>\n<meta property=\"og:image\" content=\"https:\/\/www.captain-lax.com\/wp-content\/uploads\/2023\/03\/56f35572bdc9c12a82b58962ac1ca8e79827184c_ML_AXH_3002323_GR.jpg\" \/>\n\t<meta property=\"og:image:width\" content=\"1250\" \/>\n\t<meta property=\"og:image:height\" content=\"1250\" \/>\n\t<meta property=\"og:image:type\" content=\"image\/jpeg\" \/>\n<meta name=\"twitter:card\" content=\"summary_large_image\" \/>\n<meta name=\"twitter:label1\" content=\"Est. reading time\" \/>\n\t<meta name=\"twitter:data1\" content=\"1 minute\" \/>\n<script type=\"application\/ld+json\" class=\"yoast-schema-graph\">{\"@context\":\"https:\\\/\\\/schema.org\",\"@graph\":[{\"@type\":\"WebPage\",\"@id\":\"https:\\\/\\\/www.captain-lax.com\\\/en\\\/maverik_axiom_frauen_lacrosse_head_oml-axh-3002\\\/\",\"url\":\"https:\\\/\\\/www.captain-lax.com\\\/en\\\/maverik_axiom_frauen_lacrosse_head_oml-axh-3002\\\/\",\"name\":\"Maverik Axiom Frauen Lacrosse Head - Captain-Lax - The European Lacrosse Shop\",\"isPartOf\":{\"@id\":\"https:\\\/\\\/www.captain-lax.com\\\/#website\"},\"primaryImageOfPage\":{\"@id\":\"https:\\\/\\\/www.captain-lax.com\\\/en\\\/maverik_axiom_frauen_lacrosse_head_oml-axh-3002\\\/#primaryimage\"},\"image\":{\"@id\":\"https:\\\/\\\/www.captain-lax.com\\\/en\\\/maverik_axiom_frauen_lacrosse_head_oml-axh-3002\\\/#primaryimage\"},\"thumbnailUrl\":\"https:\\\/\\\/www.captain-lax.com\\\/wp-content\\\/uploads\\\/2023\\\/03\\\/56f35572bdc9c12a82b58962ac1ca8e79827184c_ML_AXH_3002323_GR.jpg\",\"datePublished\":\"2023-03-13T00:00:00+00:00\",\"dateModified\":\"2023-07-04T11:37:07+00:00\",\"description\":\"Maverik Axiom Lacrosse Schl\u00e4gerkopf - Der Maverik Axiom Lacrosse Schl\u00e4gerkopf ist der perfekte Begleiter, f\u00fcr jede Frau die es Ernst meint mit Lacrosse.Vorteile des Maver...\",\"breadcrumb\":{\"@id\":\"https:\\\/\\\/www.captain-lax.com\\\/en\\\/maverik_axiom_frauen_lacrosse_head_oml-axh-3002\\\/#breadcrumb\"},\"inLanguage\":\"en-US\",\"potentialAction\":[{\"@type\":\"ReadAction\",\"target\":[\"https:\\\/\\\/www.captain-lax.com\\\/en\\\/maverik_axiom_frauen_lacrosse_head_oml-axh-3002\\\/\"]}]},{\"@type\":\"ImageObject\",\"inLanguage\":\"en-US\",\"@id\":\"https:\\\/\\\/www.captain-lax.com\\\/en\\\/maverik_axiom_frauen_lacrosse_head_oml-axh-3002\\\/#primaryimage\",\"url\":\"https:\\\/\\\/www.captain-lax.com\\\/wp-content\\\/uploads\\\/2023\\\/03\\\/56f35572bdc9c12a82b58962ac1ca8e79827184c_ML_AXH_3002323_GR.jpg\",\"contentUrl\":\"https:\\\/\\\/www.captain-lax.com\\\/wp-content\\\/uploads\\\/2023\\\/03\\\/56f35572bdc9c12a82b58962ac1ca8e79827184c_ML_AXH_3002323_GR.jpg\",\"width\":1250,\"height\":1250},{\"@type\":\"BreadcrumbList\",\"@id\":\"https:\\\/\\\/www.captain-lax.com\\\/en\\\/maverik_axiom_frauen_lacrosse_head_oml-axh-3002\\\/#breadcrumb\",\"itemListElement\":[{\"@type\":\"ListItem\",\"position\":1,\"name\":\"Homepage\",\"item\":\"https:\\\/\\\/www.captain-lax.com\\\/en\\\/home-page\\\/\"},{\"@type\":\"ListItem\",\"position\":2,\"name\":\"Shop\",\"item\":\"https:\\\/\\\/www.captain-lax.com\\\/en\\\/shop\\\/\"},{\"@type\":\"ListItem\",\"position\":3,\"name\":\"Maverik Axiom Frauen Lacrosse Head\"}]},{\"@type\":\"WebSite\",\"@id\":\"https:\\\/\\\/www.captain-lax.com\\\/#website\",\"url\":\"https:\\\/\\\/www.captain-lax.com\\\/\",\"name\":\"Captain-Lax - The European Lacrosse Shop\",\"description\":\"Warrior Lacrosse, Harrow, Brine, Bike - captain-lax.com\",\"potentialAction\":[{\"@type\":\"SearchAction\",\"target\":{\"@type\":\"EntryPoint\",\"urlTemplate\":\"https:\\\/\\\/www.captain-lax.com\\\/?s={search_term_string}\"},\"query-input\":{\"@type\":\"PropertyValueSpecification\",\"valueRequired\":true,\"valueName\":\"search_term_string\"}}],\"inLanguage\":\"en-US\"}]}<\/script>\n<!-- \/ Yoast SEO plugin. -->","yoast_head_json":{"title":"Maverik Axiom Frauen Lacrosse Head - Captain-Lax - The European Lacrosse Shop","description":"Maverik Axiom Lacrosse Schl\u00e4gerkopf - Der Maverik Axiom Lacrosse Schl\u00e4gerkopf ist der perfekte Begleiter, f\u00fcr jede Frau die es Ernst meint mit Lacrosse.Vorteile des Maver...","robots":{"index":"index","follow":"follow","max-snippet":"max-snippet:-1","max-image-preview":"max-image-preview:large","max-video-preview":"max-video-preview:-1"},"canonical":"https:\/\/www.captain-lax.com\/en\/maverik_axiom_frauen_lacrosse_head_oml-axh-3002\/","og_locale":"en_US","og_type":"article","og_title":"Maverik Axiom Frauen Lacrosse Head - Captain-Lax - The European Lacrosse Shop","og_description":"Maverik Axiom Lacrosse Schl\u00e4gerkopf - Der Maverik Axiom Lacrosse Schl\u00e4gerkopf ist der perfekte Begleiter, f\u00fcr jede Frau die es Ernst meint mit Lacrosse.Vorteile des Maver...","og_url":"https:\/\/www.captain-lax.com\/en\/maverik_axiom_frauen_lacrosse_head_oml-axh-3002\/","og_site_name":"Captain-Lax - The European Lacrosse Shop","article_modified_time":"2023-07-04T11:37:07+00:00","og_image":[{"width":1250,"height":1250,"url":"https:\/\/www.captain-lax.com\/wp-content\/uploads\/2023\/03\/56f35572bdc9c12a82b58962ac1ca8e79827184c_ML_AXH_3002323_GR.jpg","type":"image\/jpeg"}],"twitter_card":"summary_large_image","twitter_misc":{"Est. reading time":"1 minute"},"schema":{"@context":"https:\/\/schema.org","@graph":[{"@type":"WebPage","@id":"https:\/\/www.captain-lax.com\/en\/maverik_axiom_frauen_lacrosse_head_oml-axh-3002\/","url":"https:\/\/www.captain-lax.com\/en\/maverik_axiom_frauen_lacrosse_head_oml-axh-3002\/","name":"Maverik Axiom Frauen Lacrosse Head - Captain-Lax - The European Lacrosse Shop","isPartOf":{"@id":"https:\/\/www.captain-lax.com\/#website"},"primaryImageOfPage":{"@id":"https:\/\/www.captain-lax.com\/en\/maverik_axiom_frauen_lacrosse_head_oml-axh-3002\/#primaryimage"},"image":{"@id":"https:\/\/www.captain-lax.com\/en\/maverik_axiom_frauen_lacrosse_head_oml-axh-3002\/#primaryimage"},"thumbnailUrl":"https:\/\/www.captain-lax.com\/wp-content\/uploads\/2023\/03\/56f35572bdc9c12a82b58962ac1ca8e79827184c_ML_AXH_3002323_GR.jpg","datePublished":"2023-03-13T00:00:00+00:00","dateModified":"2023-07-04T11:37:07+00:00","description":"Maverik Axiom Lacrosse Schl\u00e4gerkopf - Der Maverik Axiom Lacrosse Schl\u00e4gerkopf ist der perfekte Begleiter, f\u00fcr jede Frau die es Ernst meint mit Lacrosse.Vorteile des Maver...","breadcrumb":{"@id":"https:\/\/www.captain-lax.com\/en\/maverik_axiom_frauen_lacrosse_head_oml-axh-3002\/#breadcrumb"},"inLanguage":"en-US","potentialAction":[{"@type":"ReadAction","target":["https:\/\/www.captain-lax.com\/en\/maverik_axiom_frauen_lacrosse_head_oml-axh-3002\/"]}]},{"@type":"ImageObject","inLanguage":"en-US","@id":"https:\/\/www.captain-lax.com\/en\/maverik_axiom_frauen_lacrosse_head_oml-axh-3002\/#primaryimage","url":"https:\/\/www.captain-lax.com\/wp-content\/uploads\/2023\/03\/56f35572bdc9c12a82b58962ac1ca8e79827184c_ML_AXH_3002323_GR.jpg","contentUrl":"https:\/\/www.captain-lax.com\/wp-content\/uploads\/2023\/03\/56f35572bdc9c12a82b58962ac1ca8e79827184c_ML_AXH_3002323_GR.jpg","width":1250,"height":1250},{"@type":"BreadcrumbList","@id":"https:\/\/www.captain-lax.com\/en\/maverik_axiom_frauen_lacrosse_head_oml-axh-3002\/#breadcrumb","itemListElement":[{"@type":"ListItem","position":1,"name":"Homepage","item":"https:\/\/www.captain-lax.com\/en\/home-page\/"},{"@type":"ListItem","position":2,"name":"Shop","item":"https:\/\/www.captain-lax.com\/en\/shop\/"},{"@type":"ListItem","position":3,"name":"Maverik Axiom Frauen Lacrosse Head"}]},{"@type":"WebSite","@id":"https:\/\/www.captain-lax.com\/#website","url":"https:\/\/www.captain-lax.com\/","name":"Captain-Lax - The European Lacrosse Shop","description":"Warrior Lacrosse, Harrow, Brine, Bike - captain-lax.com","potentialAction":[{"@type":"SearchAction","target":{"@type":"EntryPoint","urlTemplate":"https:\/\/www.captain-lax.com\/?s={search_term_string}"},"query-input":{"@type":"PropertyValueSpecification","valueRequired":true,"valueName":"search_term_string"}}],"inLanguage":"en-US"}]}},"brands":[{"id":14954,"name":"Maverik","slug":"maverik"}],"_links":{"self":[{"href":"https:\/\/www.captain-lax.com\/en\/wp-json\/wp\/v2\/product\/149868","targetHints":{"allow":["GET"]}}],"collection":[{"href":"https:\/\/www.captain-lax.com\/en\/wp-json\/wp\/v2\/product"}],"about":[{"href":"https:\/\/www.captain-lax.com\/en\/wp-json\/wp\/v2\/types\/product"}],"wp:featuredmedia":[{"embeddable":true,"href":"https:\/\/www.captain-lax.com\/en\/wp-json\/wp\/v2\/media\/149906"}],"wp:attachment":[{"href":"https:\/\/www.captain-lax.com\/en\/wp-json\/wp\/v2\/media?parent=149868"}],"wp:term":[{"taxonomy":"pwb-brand","embeddable":true,"href":"https:\/\/www.captain-lax.com\/en\/wp-json\/wp\/v2\/pwb-brand?post=149868"},{"taxonomy":"product_brand","embeddable":true,"href":"https:\/\/www.captain-lax.com\/en\/wp-json\/wp\/v2\/product_brand?post=149868"},{"taxonomy":"product_cat","embeddable":true,"href":"https:\/\/www.captain-lax.com\/en\/wp-json\/wp\/v2\/product_cat?post=149868"},{"taxonomy":"product_tag","embeddable":true,"href":"https:\/\/www.captain-lax.com\/en\/wp-json\/wp\/v2\/product_tag?post=149868"}],"curies":[{"name":"wp","href":"https:\/\/api.w.org\/{rel}","templated":true}]}}