{"id":190687,"date":"2023-04-28T00:00:00","date_gmt":"2023-04-28T00:00:00","guid":{"rendered":""},"modified":"2025-08-15T14:00:30","modified_gmt":"2025-08-15T14:00:30","slug":"new_balance_freeze_v4_turf_lacrosse_shoes_onb-freezt4-d","status":"publish","type":"product","link":"https:\/\/www.captain-lax.com\/en\/new_balance_freeze_v4_turf_lacrosse_shoes_onb-freezt4-d\/","title":{"rendered":"New Balance Freeze V4 Turf Lacrosse Shoes"},"content":{"rendered":"<p>The <strong>New Balance Freeze V4 Turf Shoes<\/strong> are made for fast players. The classic rear cap ensures easy entry. The surface consists of a mesh that is zonally inserted. This provides additional protection for the toes and sufficient breathability.<\/p>\n<p>The <strong>New Balance Shoes are US Men size<\/strong>. For woman size and width information please check our <a href=\"#nb-size-popup-en\"><strong>sizing chart<\/strong><\/a>.<\/p>\n<p>Advantages of the <strong>New Balance Freeze V4 Turf Shoes<\/strong>:<\/p>\n<ul>\n<li>Easy entry<\/li>\n<li>With classic laces<\/li>\n<li>Surface with mesh<\/li>\n<li>Additional protection on toes<\/li>\n<li>Breathable<\/li>\n<li>Unisex<\/li>\n<\/ul>\n","protected":false},"excerpt":{"rendered":"<p>The New Balance Freeze V4 Turf Shoes are made for fast players. The classic rear cap ensures easy entry. The surface consists of a mesh that is zonally inserted. This provides additional protection for the toes and sufficient breathability. The New Balance Shoes are US Men size. For woman size [&hellip;]<\/p>\n","protected":false},"featured_media":220665,"template":"","meta":[],"pwb-brand":[14956],"product_brand":[],"product_cat":[5405,5407,5417,5411,5421],"product_tag":[],"class_list":{"0":"post-190687","1":"product","2":"type-product","3":"status-publish","4":"has-post-thumbnail","6":"pwb-brand-new-balance","7":"product_cat-lax_footwear_en_GB","8":"product_cat-lax_footwear_men_en_GB","9":"product_cat-lax_footwear_women_en_GB","10":"product_cat-lax_footwear_turf_shoes_men_en_GB","11":"product_cat-lax_footwear_turf_shoes_women_en_GB","12":"pa_lax_filter_groessenfamilie-10_5_en_gb","13":"pa_woosap_zolltarifnummer-6402-1900-000-en","15":"first","16":"instock","17":"taxable","18":"shipping-taxable","19":"purchasable","20":"product-type-variable"},"yoast_head":"<!-- This site is optimized with the Yoast SEO plugin v27.4 - https:\/\/yoast.com\/product\/yoast-seo-wordpress\/ -->\n<title>New Balance Freeze V4 Turf Lacrosse Shoes - Captain-Lax - The European Lacrosse Shop<\/title>\n<meta name=\"description\" content=\"New Balance Freezev4 Turf Schuhe - Die New Balance Freezev4 Box Schuhe sind f\u00fcr schnelle Spieler gemacht. Die klassische Hinterkappe sorgt f\u00fcr einen leichten Einstieg. Die Oberfl\u00e4che besteht aus...\" \/>\n<meta name=\"robots\" content=\"index, follow, max-snippet:-1, max-image-preview:large, max-video-preview:-1\" \/>\n<link rel=\"canonical\" href=\"https:\/\/www.captain-lax.com\/en\/new_balance_freeze_v4_turf_lacrosse_shoes_onb-freezt4-d\/\" \/>\n<meta property=\"og:locale\" content=\"en_US\" \/>\n<meta property=\"og:type\" content=\"article\" \/>\n<meta property=\"og:title\" content=\"New Balance Freeze V4 Turf Lacrosse Shoes - Captain-Lax - The European Lacrosse Shop\" \/>\n<meta property=\"og:description\" content=\"New Balance Freezev4 Turf Schuhe - Die New Balance Freezev4 Box Schuhe sind f\u00fcr schnelle Spieler gemacht. Die klassische Hinterkappe sorgt f\u00fcr einen leichten Einstieg. Die Oberfl\u00e4che besteht aus...\" \/>\n<meta property=\"og:url\" content=\"https:\/\/www.captain-lax.com\/en\/new_balance_freeze_v4_turf_lacrosse_shoes_onb-freezt4-d\/\" \/>\n<meta property=\"og:site_name\" content=\"Captain-Lax - The European Lacrosse Shop\" \/>\n<meta property=\"article:modified_time\" content=\"2025-08-15T14:00:30+00:00\" \/>\n<meta property=\"og:image\" content=\"https:\/\/www.captain-lax.com\/wp-content\/uploads\/2023\/04\/9bb9d87eee8dee59e634f77bf538130d638d3745_freeztw4_1.jpg\" \/>\n\t<meta property=\"og:image:width\" content=\"1250\" \/>\n\t<meta property=\"og:image:height\" content=\"1250\" \/>\n\t<meta property=\"og:image:type\" content=\"image\/jpeg\" \/>\n<meta name=\"twitter:card\" content=\"summary_large_image\" \/>\n<meta name=\"twitter:label1\" content=\"Est. reading time\" \/>\n\t<meta name=\"twitter:data1\" content=\"1 minute\" \/>\n<script type=\"application\/ld+json\" class=\"yoast-schema-graph\">{\"@context\":\"https:\\\/\\\/schema.org\",\"@graph\":[{\"@type\":\"WebPage\",\"@id\":\"https:\\\/\\\/www.captain-lax.com\\\/en\\\/new_balance_freeze_v4_turf_lacrosse_shoes_onb-freezt4-d\\\/\",\"url\":\"https:\\\/\\\/www.captain-lax.com\\\/en\\\/new_balance_freeze_v4_turf_lacrosse_shoes_onb-freezt4-d\\\/\",\"name\":\"New Balance Freeze V4 Turf Lacrosse Shoes - Captain-Lax - The European Lacrosse Shop\",\"isPartOf\":{\"@id\":\"https:\\\/\\\/www.captain-lax.com\\\/#website\"},\"primaryImageOfPage\":{\"@id\":\"https:\\\/\\\/www.captain-lax.com\\\/en\\\/new_balance_freeze_v4_turf_lacrosse_shoes_onb-freezt4-d\\\/#primaryimage\"},\"image\":{\"@id\":\"https:\\\/\\\/www.captain-lax.com\\\/en\\\/new_balance_freeze_v4_turf_lacrosse_shoes_onb-freezt4-d\\\/#primaryimage\"},\"thumbnailUrl\":\"https:\\\/\\\/www.captain-lax.com\\\/wp-content\\\/uploads\\\/2023\\\/04\\\/9bb9d87eee8dee59e634f77bf538130d638d3745_freeztw4_1.jpg\",\"datePublished\":\"2023-04-28T00:00:00+00:00\",\"dateModified\":\"2025-08-15T14:00:30+00:00\",\"description\":\"New Balance Freezev4 Turf Schuhe - Die New Balance Freezev4 Box Schuhe sind f\u00fcr schnelle Spieler gemacht. Die klassische Hinterkappe sorgt f\u00fcr einen leichten Einstieg. Die Oberfl\u00e4che besteht aus...\",\"breadcrumb\":{\"@id\":\"https:\\\/\\\/www.captain-lax.com\\\/en\\\/new_balance_freeze_v4_turf_lacrosse_shoes_onb-freezt4-d\\\/#breadcrumb\"},\"inLanguage\":\"en-US\",\"potentialAction\":[{\"@type\":\"ReadAction\",\"target\":[\"https:\\\/\\\/www.captain-lax.com\\\/en\\\/new_balance_freeze_v4_turf_lacrosse_shoes_onb-freezt4-d\\\/\"]}]},{\"@type\":\"ImageObject\",\"inLanguage\":\"en-US\",\"@id\":\"https:\\\/\\\/www.captain-lax.com\\\/en\\\/new_balance_freeze_v4_turf_lacrosse_shoes_onb-freezt4-d\\\/#primaryimage\",\"url\":\"https:\\\/\\\/www.captain-lax.com\\\/wp-content\\\/uploads\\\/2023\\\/04\\\/9bb9d87eee8dee59e634f77bf538130d638d3745_freeztw4_1.jpg\",\"contentUrl\":\"https:\\\/\\\/www.captain-lax.com\\\/wp-content\\\/uploads\\\/2023\\\/04\\\/9bb9d87eee8dee59e634f77bf538130d638d3745_freeztw4_1.jpg\",\"width\":1250,\"height\":1250},{\"@type\":\"BreadcrumbList\",\"@id\":\"https:\\\/\\\/www.captain-lax.com\\\/en\\\/new_balance_freeze_v4_turf_lacrosse_shoes_onb-freezt4-d\\\/#breadcrumb\",\"itemListElement\":[{\"@type\":\"ListItem\",\"position\":1,\"name\":\"Homepage\",\"item\":\"https:\\\/\\\/www.captain-lax.com\\\/en\\\/home-page\\\/\"},{\"@type\":\"ListItem\",\"position\":2,\"name\":\"Shop\",\"item\":\"https:\\\/\\\/www.captain-lax.com\\\/en\\\/shop\\\/\"},{\"@type\":\"ListItem\",\"position\":3,\"name\":\"New Balance Freeze V4 Turf Lacrosse Shoes\"}]},{\"@type\":\"WebSite\",\"@id\":\"https:\\\/\\\/www.captain-lax.com\\\/#website\",\"url\":\"https:\\\/\\\/www.captain-lax.com\\\/\",\"name\":\"Captain-Lax - The European Lacrosse Shop\",\"description\":\"Warrior Lacrosse, Harrow, Brine, Bike - captain-lax.com\",\"potentialAction\":[{\"@type\":\"SearchAction\",\"target\":{\"@type\":\"EntryPoint\",\"urlTemplate\":\"https:\\\/\\\/www.captain-lax.com\\\/?s={search_term_string}\"},\"query-input\":{\"@type\":\"PropertyValueSpecification\",\"valueRequired\":true,\"valueName\":\"search_term_string\"}}],\"inLanguage\":\"en-US\"}]}<\/script>\n<!-- \/ Yoast SEO plugin. -->","yoast_head_json":{"title":"New Balance Freeze V4 Turf Lacrosse Shoes - Captain-Lax - The European Lacrosse Shop","description":"New Balance Freezev4 Turf Schuhe - Die New Balance Freezev4 Box Schuhe sind f\u00fcr schnelle Spieler gemacht. Die klassische Hinterkappe sorgt f\u00fcr einen leichten Einstieg. Die Oberfl\u00e4che besteht aus...","robots":{"index":"index","follow":"follow","max-snippet":"max-snippet:-1","max-image-preview":"max-image-preview:large","max-video-preview":"max-video-preview:-1"},"canonical":"https:\/\/www.captain-lax.com\/en\/new_balance_freeze_v4_turf_lacrosse_shoes_onb-freezt4-d\/","og_locale":"en_US","og_type":"article","og_title":"New Balance Freeze V4 Turf Lacrosse Shoes - Captain-Lax - The European Lacrosse Shop","og_description":"New Balance Freezev4 Turf Schuhe - Die New Balance Freezev4 Box Schuhe sind f\u00fcr schnelle Spieler gemacht. Die klassische Hinterkappe sorgt f\u00fcr einen leichten Einstieg. Die Oberfl\u00e4che besteht aus...","og_url":"https:\/\/www.captain-lax.com\/en\/new_balance_freeze_v4_turf_lacrosse_shoes_onb-freezt4-d\/","og_site_name":"Captain-Lax - The European Lacrosse Shop","article_modified_time":"2025-08-15T14:00:30+00:00","og_image":[{"width":1250,"height":1250,"url":"https:\/\/www.captain-lax.com\/wp-content\/uploads\/2023\/04\/9bb9d87eee8dee59e634f77bf538130d638d3745_freeztw4_1.jpg","type":"image\/jpeg"}],"twitter_card":"summary_large_image","twitter_misc":{"Est. reading time":"1 minute"},"schema":{"@context":"https:\/\/schema.org","@graph":[{"@type":"WebPage","@id":"https:\/\/www.captain-lax.com\/en\/new_balance_freeze_v4_turf_lacrosse_shoes_onb-freezt4-d\/","url":"https:\/\/www.captain-lax.com\/en\/new_balance_freeze_v4_turf_lacrosse_shoes_onb-freezt4-d\/","name":"New Balance Freeze V4 Turf Lacrosse Shoes - Captain-Lax - The European Lacrosse Shop","isPartOf":{"@id":"https:\/\/www.captain-lax.com\/#website"},"primaryImageOfPage":{"@id":"https:\/\/www.captain-lax.com\/en\/new_balance_freeze_v4_turf_lacrosse_shoes_onb-freezt4-d\/#primaryimage"},"image":{"@id":"https:\/\/www.captain-lax.com\/en\/new_balance_freeze_v4_turf_lacrosse_shoes_onb-freezt4-d\/#primaryimage"},"thumbnailUrl":"https:\/\/www.captain-lax.com\/wp-content\/uploads\/2023\/04\/9bb9d87eee8dee59e634f77bf538130d638d3745_freeztw4_1.jpg","datePublished":"2023-04-28T00:00:00+00:00","dateModified":"2025-08-15T14:00:30+00:00","description":"New Balance Freezev4 Turf Schuhe - Die New Balance Freezev4 Box Schuhe sind f\u00fcr schnelle Spieler gemacht. Die klassische Hinterkappe sorgt f\u00fcr einen leichten Einstieg. Die Oberfl\u00e4che besteht aus...","breadcrumb":{"@id":"https:\/\/www.captain-lax.com\/en\/new_balance_freeze_v4_turf_lacrosse_shoes_onb-freezt4-d\/#breadcrumb"},"inLanguage":"en-US","potentialAction":[{"@type":"ReadAction","target":["https:\/\/www.captain-lax.com\/en\/new_balance_freeze_v4_turf_lacrosse_shoes_onb-freezt4-d\/"]}]},{"@type":"ImageObject","inLanguage":"en-US","@id":"https:\/\/www.captain-lax.com\/en\/new_balance_freeze_v4_turf_lacrosse_shoes_onb-freezt4-d\/#primaryimage","url":"https:\/\/www.captain-lax.com\/wp-content\/uploads\/2023\/04\/9bb9d87eee8dee59e634f77bf538130d638d3745_freeztw4_1.jpg","contentUrl":"https:\/\/www.captain-lax.com\/wp-content\/uploads\/2023\/04\/9bb9d87eee8dee59e634f77bf538130d638d3745_freeztw4_1.jpg","width":1250,"height":1250},{"@type":"BreadcrumbList","@id":"https:\/\/www.captain-lax.com\/en\/new_balance_freeze_v4_turf_lacrosse_shoes_onb-freezt4-d\/#breadcrumb","itemListElement":[{"@type":"ListItem","position":1,"name":"Homepage","item":"https:\/\/www.captain-lax.com\/en\/home-page\/"},{"@type":"ListItem","position":2,"name":"Shop","item":"https:\/\/www.captain-lax.com\/en\/shop\/"},{"@type":"ListItem","position":3,"name":"New Balance Freeze V4 Turf Lacrosse Shoes"}]},{"@type":"WebSite","@id":"https:\/\/www.captain-lax.com\/#website","url":"https:\/\/www.captain-lax.com\/","name":"Captain-Lax - The European Lacrosse Shop","description":"Warrior Lacrosse, Harrow, Brine, Bike - captain-lax.com","potentialAction":[{"@type":"SearchAction","target":{"@type":"EntryPoint","urlTemplate":"https:\/\/www.captain-lax.com\/?s={search_term_string}"},"query-input":{"@type":"PropertyValueSpecification","valueRequired":true,"valueName":"search_term_string"}}],"inLanguage":"en-US"}]}},"brands":[{"id":14956,"name":"New Balance","slug":"new-balance"}],"_links":{"self":[{"href":"https:\/\/www.captain-lax.com\/en\/wp-json\/wp\/v2\/product\/190687","targetHints":{"allow":["GET"]}}],"collection":[{"href":"https:\/\/www.captain-lax.com\/en\/wp-json\/wp\/v2\/product"}],"about":[{"href":"https:\/\/www.captain-lax.com\/en\/wp-json\/wp\/v2\/types\/product"}],"wp:featuredmedia":[{"embeddable":true,"href":"https:\/\/www.captain-lax.com\/en\/wp-json\/wp\/v2\/media\/220665"}],"wp:attachment":[{"href":"https:\/\/www.captain-lax.com\/en\/wp-json\/wp\/v2\/media?parent=190687"}],"wp:term":[{"taxonomy":"pwb-brand","embeddable":true,"href":"https:\/\/www.captain-lax.com\/en\/wp-json\/wp\/v2\/pwb-brand?post=190687"},{"taxonomy":"product_brand","embeddable":true,"href":"https:\/\/www.captain-lax.com\/en\/wp-json\/wp\/v2\/product_brand?post=190687"},{"taxonomy":"product_cat","embeddable":true,"href":"https:\/\/www.captain-lax.com\/en\/wp-json\/wp\/v2\/product_cat?post=190687"},{"taxonomy":"product_tag","embeddable":true,"href":"https:\/\/www.captain-lax.com\/en\/wp-json\/wp\/v2\/product_tag?post=190687"}],"curies":[{"name":"wp","href":"https:\/\/api.w.org\/{rel}","templated":true}]}}