{"id":239019,"date":"2024-11-18T00:00:00","date_gmt":"2024-11-18T00:00:00","guid":{"rendered":""},"modified":"2026-04-17T21:01:21","modified_gmt":"2026-04-17T21:01:21","slug":"warrior_pro_lacrosse_bag_x-large_wl-wphgb7-bk","status":"publish","type":"product","link":"https:\/\/www.captain-lax.com\/en\/warrior_pro_lacrosse_bag_x-large_wl-wphgb7-bk\/","title":{"rendered":"Warrior Pro Lacrosse Bag X-Large"},"content":{"rendered":"<p>The<span style=\"font-weight: bold;\"> Warrior Pro Lacrosse Bag X-Large<\/span> has a large, durable main compartment. The bag is equipped with a mesh cover for good air circulation. You can store your shoes in the mesh pocket provided for this purpose.<\/p>\n<p><\/p>\n<p>Advantages of the<span style=\"font-weight: bold;\"> Warrior Pro Lacrosse Bag X-Large<\/span>:<\/p>\n<ul>\n<li>101 x 51 x 51 (cm)<\/li>\n<li>lightweight and waterproof<\/li>\n<li>large main compartment<\/li>\n<li>mesh cover for breathability<\/li>\n<li>mesh pocket for shoes<\/li>\n<\/ul>\n","protected":false},"excerpt":{"rendered":"<p>The Warrior Pro Lacrosse Bag X-Large has a large, durable main compartment. The bag is equipped with a mesh cover for good air circulation. You can store your shoes in the mesh pocket provided for this purpose. Advantages of the Warrior Pro Lacrosse Bag X-Large: 101 x 51 x 51 [&hellip;]<\/p>\n","protected":false},"featured_media":554322,"template":"","meta":[],"pwb-brand":[],"product_brand":[],"product_cat":[5481,9953,5483,11435,5485],"product_tag":[],"class_list":{"0":"post-239019","1":"product","2":"type-product","3":"status-publish","4":"has-post-thumbnail","6":"product_cat-lax_accessoires_en_GB","7":"product_cat-lax_deals","8":"product_cat-lax_accessoires_bags_en_GB","9":"product_cat-deals","10":"product_cat-lax_accessoires_equipement_bags_en_GB","11":"pa_lax_filter_groessenfamilie-xl_en_gb","12":"pa_woosap_zolltarifnummer-4202-9291-900-en","14":"first","15":"instock","16":"sale","17":"taxable","18":"shipping-taxable","19":"purchasable","20":"product-type-simple"},"yoast_head":"<!-- This site is optimized with the Yoast SEO plugin v27.3 - https:\/\/yoast.com\/product\/yoast-seo-wordpress\/ -->\n<title>Warrior Pro Lacrosse Bag X-Large - Captain-Lax - The European Lacrosse Shop<\/title>\n<meta name=\"description\" content=\"Warrior Pro Lacrosse Tasche X-Large - Die Warrior Pro Lacrosse Tasche X-Large verf\u00fcgt \u00fcber ein gro\u00dfes, strapazierf\u00e4higes Hauptfach, ist wasserdicht und...\" \/>\n<meta name=\"robots\" content=\"index, follow, max-snippet:-1, max-image-preview:large, max-video-preview:-1\" \/>\n<link rel=\"canonical\" href=\"https:\/\/www.captain-lax.com\/en\/warrior_pro_lacrosse_bag_x-large_wl-wphgb7-bk\/\" \/>\n<meta property=\"og:locale\" content=\"en_US\" \/>\n<meta property=\"og:type\" content=\"article\" \/>\n<meta property=\"og:title\" content=\"Warrior Pro Lacrosse Bag X-Large - Captain-Lax - The European Lacrosse Shop\" \/>\n<meta property=\"og:description\" content=\"Warrior Pro Lacrosse Tasche X-Large - Die Warrior Pro Lacrosse Tasche X-Large verf\u00fcgt \u00fcber ein gro\u00dfes, strapazierf\u00e4higes Hauptfach, ist wasserdicht und...\" \/>\n<meta property=\"og:url\" content=\"https:\/\/www.captain-lax.com\/en\/warrior_pro_lacrosse_bag_x-large_wl-wphgb7-bk\/\" \/>\n<meta property=\"og:site_name\" content=\"Captain-Lax - The European Lacrosse Shop\" \/>\n<meta property=\"article:modified_time\" content=\"2026-04-17T21:01:21+00:00\" \/>\n<meta name=\"twitter:card\" content=\"summary_large_image\" \/>\n<script type=\"application\/ld+json\" class=\"yoast-schema-graph\">{\"@context\":\"https:\\\/\\\/schema.org\",\"@graph\":[{\"@type\":\"WebPage\",\"@id\":\"https:\\\/\\\/www.captain-lax.com\\\/en\\\/warrior_pro_lacrosse_bag_x-large_wl-wphgb7-bk\\\/\",\"url\":\"https:\\\/\\\/www.captain-lax.com\\\/en\\\/warrior_pro_lacrosse_bag_x-large_wl-wphgb7-bk\\\/\",\"name\":\"Warrior Pro Lacrosse Bag X-Large - Captain-Lax - The European Lacrosse Shop\",\"isPartOf\":{\"@id\":\"https:\\\/\\\/www.captain-lax.com\\\/#website\"},\"primaryImageOfPage\":{\"@id\":\"https:\\\/\\\/www.captain-lax.com\\\/en\\\/warrior_pro_lacrosse_bag_x-large_wl-wphgb7-bk\\\/#primaryimage\"},\"image\":{\"@id\":\"https:\\\/\\\/www.captain-lax.com\\\/en\\\/warrior_pro_lacrosse_bag_x-large_wl-wphgb7-bk\\\/#primaryimage\"},\"thumbnailUrl\":\"https:\\\/\\\/www.captain-lax.com\\\/wp-content\\\/uploads\\\/2024\\\/11\\\/c6d644519301f07c3d03eb421242c0c4656aa686_bag_warrior_0.jpg\",\"datePublished\":\"2024-11-18T00:00:00+00:00\",\"dateModified\":\"2026-04-17T21:01:21+00:00\",\"description\":\"Warrior Pro Lacrosse Tasche X-Large - Die Warrior Pro Lacrosse Tasche X-Large verf\u00fcgt \u00fcber ein gro\u00dfes, strapazierf\u00e4higes Hauptfach, ist wasserdicht und...\",\"breadcrumb\":{\"@id\":\"https:\\\/\\\/www.captain-lax.com\\\/en\\\/warrior_pro_lacrosse_bag_x-large_wl-wphgb7-bk\\\/#breadcrumb\"},\"inLanguage\":\"en-US\",\"potentialAction\":[{\"@type\":\"ReadAction\",\"target\":[\"https:\\\/\\\/www.captain-lax.com\\\/en\\\/warrior_pro_lacrosse_bag_x-large_wl-wphgb7-bk\\\/\"]}]},{\"@type\":\"ImageObject\",\"inLanguage\":\"en-US\",\"@id\":\"https:\\\/\\\/www.captain-lax.com\\\/en\\\/warrior_pro_lacrosse_bag_x-large_wl-wphgb7-bk\\\/#primaryimage\",\"url\":\"https:\\\/\\\/www.captain-lax.com\\\/wp-content\\\/uploads\\\/2024\\\/11\\\/c6d644519301f07c3d03eb421242c0c4656aa686_bag_warrior_0.jpg\",\"contentUrl\":\"https:\\\/\\\/www.captain-lax.com\\\/wp-content\\\/uploads\\\/2024\\\/11\\\/c6d644519301f07c3d03eb421242c0c4656aa686_bag_warrior_0.jpg\",\"width\":1250,\"height\":1250},{\"@type\":\"BreadcrumbList\",\"@id\":\"https:\\\/\\\/www.captain-lax.com\\\/en\\\/warrior_pro_lacrosse_bag_x-large_wl-wphgb7-bk\\\/#breadcrumb\",\"itemListElement\":[{\"@type\":\"ListItem\",\"position\":1,\"name\":\"Homepage\",\"item\":\"https:\\\/\\\/www.captain-lax.com\\\/en\\\/home-page\\\/\"},{\"@type\":\"ListItem\",\"position\":2,\"name\":\"Shop\",\"item\":\"https:\\\/\\\/www.captain-lax.com\\\/en\\\/shop\\\/\"},{\"@type\":\"ListItem\",\"position\":3,\"name\":\"Warrior Pro Lacrosse Bag X-Large\"}]},{\"@type\":\"WebSite\",\"@id\":\"https:\\\/\\\/www.captain-lax.com\\\/#website\",\"url\":\"https:\\\/\\\/www.captain-lax.com\\\/\",\"name\":\"Captain-Lax - The European Lacrosse Shop\",\"description\":\"Warrior Lacrosse, Harrow, Brine, Bike - captain-lax.com\",\"potentialAction\":[{\"@type\":\"SearchAction\",\"target\":{\"@type\":\"EntryPoint\",\"urlTemplate\":\"https:\\\/\\\/www.captain-lax.com\\\/?s={search_term_string}\"},\"query-input\":{\"@type\":\"PropertyValueSpecification\",\"valueRequired\":true,\"valueName\":\"search_term_string\"}}],\"inLanguage\":\"en-US\"}]}<\/script>\n<!-- \/ Yoast SEO plugin. -->","yoast_head_json":{"title":"Warrior Pro Lacrosse Bag X-Large - Captain-Lax - The European Lacrosse Shop","description":"Warrior Pro Lacrosse Tasche X-Large - Die Warrior Pro Lacrosse Tasche X-Large verf\u00fcgt \u00fcber ein gro\u00dfes, strapazierf\u00e4higes Hauptfach, ist wasserdicht und...","robots":{"index":"index","follow":"follow","max-snippet":"max-snippet:-1","max-image-preview":"max-image-preview:large","max-video-preview":"max-video-preview:-1"},"canonical":"https:\/\/www.captain-lax.com\/en\/warrior_pro_lacrosse_bag_x-large_wl-wphgb7-bk\/","og_locale":"en_US","og_type":"article","og_title":"Warrior Pro Lacrosse Bag X-Large - Captain-Lax - The European Lacrosse Shop","og_description":"Warrior Pro Lacrosse Tasche X-Large - Die Warrior Pro Lacrosse Tasche X-Large verf\u00fcgt \u00fcber ein gro\u00dfes, strapazierf\u00e4higes Hauptfach, ist wasserdicht und...","og_url":"https:\/\/www.captain-lax.com\/en\/warrior_pro_lacrosse_bag_x-large_wl-wphgb7-bk\/","og_site_name":"Captain-Lax - The European Lacrosse Shop","article_modified_time":"2026-04-17T21:01:21+00:00","twitter_card":"summary_large_image","schema":{"@context":"https:\/\/schema.org","@graph":[{"@type":"WebPage","@id":"https:\/\/www.captain-lax.com\/en\/warrior_pro_lacrosse_bag_x-large_wl-wphgb7-bk\/","url":"https:\/\/www.captain-lax.com\/en\/warrior_pro_lacrosse_bag_x-large_wl-wphgb7-bk\/","name":"Warrior Pro Lacrosse Bag X-Large - Captain-Lax - The European Lacrosse Shop","isPartOf":{"@id":"https:\/\/www.captain-lax.com\/#website"},"primaryImageOfPage":{"@id":"https:\/\/www.captain-lax.com\/en\/warrior_pro_lacrosse_bag_x-large_wl-wphgb7-bk\/#primaryimage"},"image":{"@id":"https:\/\/www.captain-lax.com\/en\/warrior_pro_lacrosse_bag_x-large_wl-wphgb7-bk\/#primaryimage"},"thumbnailUrl":"https:\/\/www.captain-lax.com\/wp-content\/uploads\/2024\/11\/c6d644519301f07c3d03eb421242c0c4656aa686_bag_warrior_0.jpg","datePublished":"2024-11-18T00:00:00+00:00","dateModified":"2026-04-17T21:01:21+00:00","description":"Warrior Pro Lacrosse Tasche X-Large - Die Warrior Pro Lacrosse Tasche X-Large verf\u00fcgt \u00fcber ein gro\u00dfes, strapazierf\u00e4higes Hauptfach, ist wasserdicht und...","breadcrumb":{"@id":"https:\/\/www.captain-lax.com\/en\/warrior_pro_lacrosse_bag_x-large_wl-wphgb7-bk\/#breadcrumb"},"inLanguage":"en-US","potentialAction":[{"@type":"ReadAction","target":["https:\/\/www.captain-lax.com\/en\/warrior_pro_lacrosse_bag_x-large_wl-wphgb7-bk\/"]}]},{"@type":"ImageObject","inLanguage":"en-US","@id":"https:\/\/www.captain-lax.com\/en\/warrior_pro_lacrosse_bag_x-large_wl-wphgb7-bk\/#primaryimage","url":"https:\/\/www.captain-lax.com\/wp-content\/uploads\/2024\/11\/c6d644519301f07c3d03eb421242c0c4656aa686_bag_warrior_0.jpg","contentUrl":"https:\/\/www.captain-lax.com\/wp-content\/uploads\/2024\/11\/c6d644519301f07c3d03eb421242c0c4656aa686_bag_warrior_0.jpg","width":1250,"height":1250},{"@type":"BreadcrumbList","@id":"https:\/\/www.captain-lax.com\/en\/warrior_pro_lacrosse_bag_x-large_wl-wphgb7-bk\/#breadcrumb","itemListElement":[{"@type":"ListItem","position":1,"name":"Homepage","item":"https:\/\/www.captain-lax.com\/en\/home-page\/"},{"@type":"ListItem","position":2,"name":"Shop","item":"https:\/\/www.captain-lax.com\/en\/shop\/"},{"@type":"ListItem","position":3,"name":"Warrior Pro Lacrosse Bag X-Large"}]},{"@type":"WebSite","@id":"https:\/\/www.captain-lax.com\/#website","url":"https:\/\/www.captain-lax.com\/","name":"Captain-Lax - The European Lacrosse Shop","description":"Warrior Lacrosse, Harrow, Brine, Bike - captain-lax.com","potentialAction":[{"@type":"SearchAction","target":{"@type":"EntryPoint","urlTemplate":"https:\/\/www.captain-lax.com\/?s={search_term_string}"},"query-input":{"@type":"PropertyValueSpecification","valueRequired":true,"valueName":"search_term_string"}}],"inLanguage":"en-US"}]}},"brands":[],"_links":{"self":[{"href":"https:\/\/www.captain-lax.com\/en\/wp-json\/wp\/v2\/product\/239019","targetHints":{"allow":["GET"]}}],"collection":[{"href":"https:\/\/www.captain-lax.com\/en\/wp-json\/wp\/v2\/product"}],"about":[{"href":"https:\/\/www.captain-lax.com\/en\/wp-json\/wp\/v2\/types\/product"}],"wp:featuredmedia":[{"embeddable":true,"href":"https:\/\/www.captain-lax.com\/en\/wp-json\/wp\/v2\/media\/554322"}],"wp:attachment":[{"href":"https:\/\/www.captain-lax.com\/en\/wp-json\/wp\/v2\/media?parent=239019"}],"wp:term":[{"taxonomy":"pwb-brand","embeddable":true,"href":"https:\/\/www.captain-lax.com\/en\/wp-json\/wp\/v2\/pwb-brand?post=239019"},{"taxonomy":"product_brand","embeddable":true,"href":"https:\/\/www.captain-lax.com\/en\/wp-json\/wp\/v2\/product_brand?post=239019"},{"taxonomy":"product_cat","embeddable":true,"href":"https:\/\/www.captain-lax.com\/en\/wp-json\/wp\/v2\/product_cat?post=239019"},{"taxonomy":"product_tag","embeddable":true,"href":"https:\/\/www.captain-lax.com\/en\/wp-json\/wp\/v2\/product_tag?post=239019"}],"curies":[{"name":"wp","href":"https:\/\/api.w.org\/{rel}","templated":true}]}}