{"id":29000,"date":"2023-02-24T00:00:00","date_gmt":"2023-02-24T00:00:00","guid":{"rendered":""},"modified":"2026-04-17T21:01:31","modified_gmt":"2026-04-17T21:01:31","slug":"Brine_RP3_II_Head_Lacrosse_Unstrung_oBL-RP32XUN","status":"publish","type":"product","link":"https:\/\/www.captain-lax.com\/en\/Brine_RP3_II_Head_Lacrosse_Unstrung_oBL-RP32XUN\/","title":{"rendered":"Brine RP3 II Head Lacrosse Unstrung"},"content":{"rendered":"<p>The <b>Brine RP3 II Head Lacrosse Unstrung<\/b> offers an excellent balance<br \/>\n    between durability and ideal feel while playing.<\/p>\n<p>    Advantages of the <b>Brine RP3 II Head Lacrosse Unstrung<\/b>:<\/p>\n<ul>\n<li>new scoop design features Vari-Flex<sup>TM<\/sup> inserts to maintain<br \/>\n        shape and for enhanced ball release<\/li>\n<li>ideal balance of duarability as well as maximized pocket feel<\/li>\n<li>design of bottom rail allows for mid to low pocket placement and<br \/>\n        therefore more ball control and faster release<\/li>\n<li>with MLL all-star Rob Pannell designed, who is the best offensive<br \/>\n        player in lacrosse<\/li>\n<\/ul>\n","protected":false},"excerpt":{"rendered":"<p>The Brine RP3 II Head Lacrosse Unstrung offers an excellent balance between durability and ideal feel while playing. Advantages of the Brine RP3 II Head Lacrosse Unstrung: new scoop design features Vari-FlexTM inserts to maintain shape and for enhanced ball release ideal balance of duarability as well as maximized pocket [&hellip;]<\/p>\n","protected":false},"featured_media":93341,"template":"","meta":[],"pwb-brand":[14942],"product_brand":[],"product_cat":[9953,11435,5319,5321,5329],"product_tag":[],"class_list":{"0":"post-29000","1":"product","2":"type-product","3":"status-publish","4":"has-post-thumbnail","6":"pwb-brand-brine","7":"product_cat-lax_deals","8":"product_cat-deals","9":"product_cat-mens_lacrosse_en_GB","10":"product_cat-lax_sticks_men_en_GB","11":"product_cat-lax_unstrung_heads_men_en_GB","12":"pa_woosap_zolltarifnummer-9506-9190-000-en","14":"first","15":"instock","16":"sale","17":"taxable","18":"shipping-taxable","19":"purchasable","20":"product-type-variable"},"yoast_head":"<!-- This site is optimized with the Yoast SEO plugin v27.3 - https:\/\/yoast.com\/product\/yoast-seo-wordpress\/ -->\n<title>Brine RP3 II Head Lacrosse Unstrung - Captain-Lax - The European Lacrosse Shop<\/title>\n<meta name=\"description\" content=\"Brine Lacrosse RP3 II Schl\u00e4gerkopf Unstrung - Der Brine Lacrosse RP3 II Schl\u00e4gerkopf Unstrung bietet ein ausgezeichnetes Verh\u00e4ltnis von Widerstandsf\u00e4higkeit und idealem Spielge...\" \/>\n<meta name=\"robots\" content=\"index, follow, max-snippet:-1, max-image-preview:large, max-video-preview:-1\" \/>\n<link rel=\"canonical\" href=\"https:\/\/www.captain-lax.com\/en\/Brine_RP3_II_Head_Lacrosse_Unstrung_oBL-RP32XUN\/\" \/>\n<meta property=\"og:locale\" content=\"en_US\" \/>\n<meta property=\"og:type\" content=\"article\" \/>\n<meta property=\"og:title\" content=\"Brine RP3 II Head Lacrosse Unstrung - Captain-Lax - The European Lacrosse Shop\" \/>\n<meta property=\"og:description\" content=\"Brine Lacrosse RP3 II Schl\u00e4gerkopf Unstrung - Der Brine Lacrosse RP3 II Schl\u00e4gerkopf Unstrung bietet ein ausgezeichnetes Verh\u00e4ltnis von Widerstandsf\u00e4higkeit und idealem Spielge...\" \/>\n<meta property=\"og:url\" content=\"https:\/\/www.captain-lax.com\/en\/Brine_RP3_II_Head_Lacrosse_Unstrung_oBL-RP32XUN\/\" \/>\n<meta property=\"og:site_name\" content=\"Captain-Lax - The European Lacrosse Shop\" \/>\n<meta property=\"article:modified_time\" content=\"2026-04-17T21:01:31+00:00\" \/>\n<meta property=\"og:image\" content=\"https:\/\/www.captain-lax.com\/wp-content\/uploads\/2023\/02\/93179c6077dcac9d2387fc99e9ca7b57b24ee0f8_BL_RP32XUN_WH_2.jpg\" \/>\n\t<meta property=\"og:image:width\" content=\"1250\" \/>\n\t<meta property=\"og:image:height\" content=\"1250\" \/>\n\t<meta property=\"og:image:type\" content=\"image\/jpeg\" \/>\n<meta name=\"twitter:card\" content=\"summary_large_image\" \/>\n<script type=\"application\/ld+json\" class=\"yoast-schema-graph\">{\"@context\":\"https:\\\/\\\/schema.org\",\"@graph\":[{\"@type\":\"WebPage\",\"@id\":\"https:\\\/\\\/www.captain-lax.com\\\/en\\\/Brine_RP3_II_Head_Lacrosse_Unstrung_oBL-RP32XUN\\\/\",\"url\":\"https:\\\/\\\/www.captain-lax.com\\\/en\\\/Brine_RP3_II_Head_Lacrosse_Unstrung_oBL-RP32XUN\\\/\",\"name\":\"Brine RP3 II Head Lacrosse Unstrung - Captain-Lax - The European Lacrosse Shop\",\"isPartOf\":{\"@id\":\"https:\\\/\\\/www.captain-lax.com\\\/#website\"},\"primaryImageOfPage\":{\"@id\":\"https:\\\/\\\/www.captain-lax.com\\\/en\\\/Brine_RP3_II_Head_Lacrosse_Unstrung_oBL-RP32XUN\\\/#primaryimage\"},\"image\":{\"@id\":\"https:\\\/\\\/www.captain-lax.com\\\/en\\\/Brine_RP3_II_Head_Lacrosse_Unstrung_oBL-RP32XUN\\\/#primaryimage\"},\"thumbnailUrl\":\"https:\\\/\\\/www.captain-lax.com\\\/wp-content\\\/uploads\\\/2023\\\/02\\\/93179c6077dcac9d2387fc99e9ca7b57b24ee0f8_BL_RP32XUN_WH_2.jpg\",\"datePublished\":\"2023-02-24T00:00:00+00:00\",\"dateModified\":\"2026-04-17T21:01:31+00:00\",\"description\":\"Brine Lacrosse RP3 II Schl\u00e4gerkopf Unstrung - Der Brine Lacrosse RP3 II Schl\u00e4gerkopf Unstrung bietet ein ausgezeichnetes Verh\u00e4ltnis von Widerstandsf\u00e4higkeit und idealem Spielge...\",\"breadcrumb\":{\"@id\":\"https:\\\/\\\/www.captain-lax.com\\\/en\\\/Brine_RP3_II_Head_Lacrosse_Unstrung_oBL-RP32XUN\\\/#breadcrumb\"},\"inLanguage\":\"en-US\",\"potentialAction\":[{\"@type\":\"ReadAction\",\"target\":[\"https:\\\/\\\/www.captain-lax.com\\\/en\\\/Brine_RP3_II_Head_Lacrosse_Unstrung_oBL-RP32XUN\\\/\"]}]},{\"@type\":\"ImageObject\",\"inLanguage\":\"en-US\",\"@id\":\"https:\\\/\\\/www.captain-lax.com\\\/en\\\/Brine_RP3_II_Head_Lacrosse_Unstrung_oBL-RP32XUN\\\/#primaryimage\",\"url\":\"https:\\\/\\\/www.captain-lax.com\\\/wp-content\\\/uploads\\\/2023\\\/02\\\/93179c6077dcac9d2387fc99e9ca7b57b24ee0f8_BL_RP32XUN_WH_2.jpg\",\"contentUrl\":\"https:\\\/\\\/www.captain-lax.com\\\/wp-content\\\/uploads\\\/2023\\\/02\\\/93179c6077dcac9d2387fc99e9ca7b57b24ee0f8_BL_RP32XUN_WH_2.jpg\",\"width\":1250,\"height\":1250},{\"@type\":\"BreadcrumbList\",\"@id\":\"https:\\\/\\\/www.captain-lax.com\\\/en\\\/Brine_RP3_II_Head_Lacrosse_Unstrung_oBL-RP32XUN\\\/#breadcrumb\",\"itemListElement\":[{\"@type\":\"ListItem\",\"position\":1,\"name\":\"Homepage\",\"item\":\"https:\\\/\\\/www.captain-lax.com\\\/en\\\/home-page\\\/\"},{\"@type\":\"ListItem\",\"position\":2,\"name\":\"Shop\",\"item\":\"https:\\\/\\\/www.captain-lax.com\\\/en\\\/shop\\\/\"},{\"@type\":\"ListItem\",\"position\":3,\"name\":\"Brine RP3 II Head Lacrosse Unstrung\"}]},{\"@type\":\"WebSite\",\"@id\":\"https:\\\/\\\/www.captain-lax.com\\\/#website\",\"url\":\"https:\\\/\\\/www.captain-lax.com\\\/\",\"name\":\"Captain-Lax - The European Lacrosse Shop\",\"description\":\"Warrior Lacrosse, Harrow, Brine, Bike - captain-lax.com\",\"potentialAction\":[{\"@type\":\"SearchAction\",\"target\":{\"@type\":\"EntryPoint\",\"urlTemplate\":\"https:\\\/\\\/www.captain-lax.com\\\/?s={search_term_string}\"},\"query-input\":{\"@type\":\"PropertyValueSpecification\",\"valueRequired\":true,\"valueName\":\"search_term_string\"}}],\"inLanguage\":\"en-US\"}]}<\/script>\n<!-- \/ Yoast SEO plugin. -->","yoast_head_json":{"title":"Brine RP3 II Head Lacrosse Unstrung - Captain-Lax - The European Lacrosse Shop","description":"Brine Lacrosse RP3 II Schl\u00e4gerkopf Unstrung - Der Brine Lacrosse RP3 II Schl\u00e4gerkopf Unstrung bietet ein ausgezeichnetes Verh\u00e4ltnis von Widerstandsf\u00e4higkeit und idealem Spielge...","robots":{"index":"index","follow":"follow","max-snippet":"max-snippet:-1","max-image-preview":"max-image-preview:large","max-video-preview":"max-video-preview:-1"},"canonical":"https:\/\/www.captain-lax.com\/en\/Brine_RP3_II_Head_Lacrosse_Unstrung_oBL-RP32XUN\/","og_locale":"en_US","og_type":"article","og_title":"Brine RP3 II Head Lacrosse Unstrung - Captain-Lax - The European Lacrosse Shop","og_description":"Brine Lacrosse RP3 II Schl\u00e4gerkopf Unstrung - Der Brine Lacrosse RP3 II Schl\u00e4gerkopf Unstrung bietet ein ausgezeichnetes Verh\u00e4ltnis von Widerstandsf\u00e4higkeit und idealem Spielge...","og_url":"https:\/\/www.captain-lax.com\/en\/Brine_RP3_II_Head_Lacrosse_Unstrung_oBL-RP32XUN\/","og_site_name":"Captain-Lax - The European Lacrosse Shop","article_modified_time":"2026-04-17T21:01:31+00:00","og_image":[{"width":1250,"height":1250,"url":"https:\/\/www.captain-lax.com\/wp-content\/uploads\/2023\/02\/93179c6077dcac9d2387fc99e9ca7b57b24ee0f8_BL_RP32XUN_WH_2.jpg","type":"image\/jpeg"}],"twitter_card":"summary_large_image","schema":{"@context":"https:\/\/schema.org","@graph":[{"@type":"WebPage","@id":"https:\/\/www.captain-lax.com\/en\/Brine_RP3_II_Head_Lacrosse_Unstrung_oBL-RP32XUN\/","url":"https:\/\/www.captain-lax.com\/en\/Brine_RP3_II_Head_Lacrosse_Unstrung_oBL-RP32XUN\/","name":"Brine RP3 II Head Lacrosse Unstrung - Captain-Lax - The European Lacrosse Shop","isPartOf":{"@id":"https:\/\/www.captain-lax.com\/#website"},"primaryImageOfPage":{"@id":"https:\/\/www.captain-lax.com\/en\/Brine_RP3_II_Head_Lacrosse_Unstrung_oBL-RP32XUN\/#primaryimage"},"image":{"@id":"https:\/\/www.captain-lax.com\/en\/Brine_RP3_II_Head_Lacrosse_Unstrung_oBL-RP32XUN\/#primaryimage"},"thumbnailUrl":"https:\/\/www.captain-lax.com\/wp-content\/uploads\/2023\/02\/93179c6077dcac9d2387fc99e9ca7b57b24ee0f8_BL_RP32XUN_WH_2.jpg","datePublished":"2023-02-24T00:00:00+00:00","dateModified":"2026-04-17T21:01:31+00:00","description":"Brine Lacrosse RP3 II Schl\u00e4gerkopf Unstrung - Der Brine Lacrosse RP3 II Schl\u00e4gerkopf Unstrung bietet ein ausgezeichnetes Verh\u00e4ltnis von Widerstandsf\u00e4higkeit und idealem Spielge...","breadcrumb":{"@id":"https:\/\/www.captain-lax.com\/en\/Brine_RP3_II_Head_Lacrosse_Unstrung_oBL-RP32XUN\/#breadcrumb"},"inLanguage":"en-US","potentialAction":[{"@type":"ReadAction","target":["https:\/\/www.captain-lax.com\/en\/Brine_RP3_II_Head_Lacrosse_Unstrung_oBL-RP32XUN\/"]}]},{"@type":"ImageObject","inLanguage":"en-US","@id":"https:\/\/www.captain-lax.com\/en\/Brine_RP3_II_Head_Lacrosse_Unstrung_oBL-RP32XUN\/#primaryimage","url":"https:\/\/www.captain-lax.com\/wp-content\/uploads\/2023\/02\/93179c6077dcac9d2387fc99e9ca7b57b24ee0f8_BL_RP32XUN_WH_2.jpg","contentUrl":"https:\/\/www.captain-lax.com\/wp-content\/uploads\/2023\/02\/93179c6077dcac9d2387fc99e9ca7b57b24ee0f8_BL_RP32XUN_WH_2.jpg","width":1250,"height":1250},{"@type":"BreadcrumbList","@id":"https:\/\/www.captain-lax.com\/en\/Brine_RP3_II_Head_Lacrosse_Unstrung_oBL-RP32XUN\/#breadcrumb","itemListElement":[{"@type":"ListItem","position":1,"name":"Homepage","item":"https:\/\/www.captain-lax.com\/en\/home-page\/"},{"@type":"ListItem","position":2,"name":"Shop","item":"https:\/\/www.captain-lax.com\/en\/shop\/"},{"@type":"ListItem","position":3,"name":"Brine RP3 II Head Lacrosse Unstrung"}]},{"@type":"WebSite","@id":"https:\/\/www.captain-lax.com\/#website","url":"https:\/\/www.captain-lax.com\/","name":"Captain-Lax - The European Lacrosse Shop","description":"Warrior Lacrosse, Harrow, Brine, Bike - captain-lax.com","potentialAction":[{"@type":"SearchAction","target":{"@type":"EntryPoint","urlTemplate":"https:\/\/www.captain-lax.com\/?s={search_term_string}"},"query-input":{"@type":"PropertyValueSpecification","valueRequired":true,"valueName":"search_term_string"}}],"inLanguage":"en-US"}]}},"brands":[{"id":14942,"name":"Brine","slug":"brine"}],"_links":{"self":[{"href":"https:\/\/www.captain-lax.com\/en\/wp-json\/wp\/v2\/product\/29000","targetHints":{"allow":["GET"]}}],"collection":[{"href":"https:\/\/www.captain-lax.com\/en\/wp-json\/wp\/v2\/product"}],"about":[{"href":"https:\/\/www.captain-lax.com\/en\/wp-json\/wp\/v2\/types\/product"}],"wp:featuredmedia":[{"embeddable":true,"href":"https:\/\/www.captain-lax.com\/en\/wp-json\/wp\/v2\/media\/93341"}],"wp:attachment":[{"href":"https:\/\/www.captain-lax.com\/en\/wp-json\/wp\/v2\/media?parent=29000"}],"wp:term":[{"taxonomy":"pwb-brand","embeddable":true,"href":"https:\/\/www.captain-lax.com\/en\/wp-json\/wp\/v2\/pwb-brand?post=29000"},{"taxonomy":"product_brand","embeddable":true,"href":"https:\/\/www.captain-lax.com\/en\/wp-json\/wp\/v2\/product_brand?post=29000"},{"taxonomy":"product_cat","embeddable":true,"href":"https:\/\/www.captain-lax.com\/en\/wp-json\/wp\/v2\/product_cat?post=29000"},{"taxonomy":"product_tag","embeddable":true,"href":"https:\/\/www.captain-lax.com\/en\/wp-json\/wp\/v2\/product_tag?post=29000"}],"curies":[{"name":"wp","href":"https:\/\/api.w.org\/{rel}","templated":true}]}}