{"id":576627,"date":"2025-04-04T00:00:00","date_gmt":"2025-04-04T00:00:00","guid":{"rendered":""},"modified":"2026-02-22T10:45:03","modified_gmt":"2026-02-22T10:45:03","slug":"new_balance_freezelx_v5_mid_cleat_lacrosse_-_width_2e_onb-freezgo5-2e","status":"publish","type":"product","link":"https:\/\/www.captain-lax.com\/en\/new_balance_freezelx_v5_mid_cleat_lacrosse_-_width_2e_onb-freezgo5-2e\/","title":{"rendered":"New Balance FreezeLX V5 Mid Cleat Lacrosse &#8211; Width: 2E"},"content":{"rendered":"<p>The New Balance FreezeLX v5 offers even more traction, stability, and comfort than its predecessor. The improved QUIX Rail technology ensures optimal grip during quick direction changes. A more durable upper with mesh zones enhances durability and stability. The integrated bootie and external stability counter provide a more precise fit and better support. The upgraded TPU outsole delivers strong grip on turf and natural playing surfaces. With an adjustable lacing system and an optimized fit for women, the v5 sets new standards in performance and comfort.<\/p>\n<p>The <strong>New Balance Shoes are US Men size<\/strong>. For woman size and width information please check our <a href=\"#nb-size-popup-en\"><strong>sizing chart<\/strong><\/a>.<\/p>\n<p>Advantages of the New Balance FreezeLX v5:<\/p>\n<ul>\n<li>Limited Edition<\/li>\n<li>Enhanced traction with optimized QUIX Rail technology<\/li>\n<li>Durable upper with stabilizing mesh zones<\/li>\n<li>Integrated bootie for a precise, supportive fit<\/li>\n<li>External stability counter for increased support and security<\/li>\n<li>Optimized TPU outsole for superior grip on turf &amp; natural surfaces<\/li>\n<li>Adjustable lacing system for a customized fit<\/li>\n<li>Designed specifically for women for maximum comfort and performance<\/li>\n<li>Unisex<\/li>\n<\/ul>\n","protected":false},"excerpt":{"rendered":"<p>The New Balance FreezeLX v5 offers even more traction, stability, and comfort than its predecessor. The improved QUIX Rail technology ensures optimal grip during quick direction changes. A more durable upper with mesh zones enhances durability and stability. The integrated bootie and external stability counter provide a more precise fit [&hellip;]<\/p>\n","protected":false},"featured_media":660294,"template":"","meta":[],"pwb-brand":[],"product_brand":[],"product_cat":[5409,5419,5405,5407,5417],"product_tag":[],"class_list":{"0":"post-576627","1":"product","2":"type-product","3":"status-publish","4":"has-post-thumbnail","6":"product_cat-lax_footwear_cleats_men_en_GB","7":"product_cat-lax_footwear_cleats_women_en_GB","8":"product_cat-lax_footwear_en_GB","9":"product_cat-lax_footwear_men_en_GB","10":"product_cat-lax_footwear_women_en_GB","11":"pa_lax_filter_groessenfamilie-11_en_gb","12":"pa_lax_filter_groessenfamilie-12_en_gb","13":"pa_lax_filter_groessenfamilie-9_5_en_gb","14":"pa_woosap_zolltarifnummer-6402-1900-000-en","16":"first","17":"outofstock","18":"taxable","19":"shipping-taxable","20":"purchasable","21":"product-type-variable"},"yoast_head":"<!-- This site is optimized with the Yoast SEO plugin v27.3 - https:\/\/yoast.com\/product\/yoast-seo-wordpress\/ -->\n<title>New Balance FreezeLX V5 Mid Cleat Lacrosse - Width: 2E - Captain-Lax - The European Lacrosse Shop<\/title>\n<meta name=\"description\" content=\"Der New Balance FreezeLX v5 bietet exzellente Traktion, Stabilit\u00e4t und Komfort. Mit TPU-Au\u00dfensohle, atmungsaktivem Mesh-Obermaterial und perfekter Passform f\u00fcr optimale Performance auf dem Spielfeld.\" \/>\n<meta name=\"robots\" content=\"index, follow, max-snippet:-1, max-image-preview:large, max-video-preview:-1\" \/>\n<link rel=\"canonical\" href=\"https:\/\/www.captain-lax.com\/en\/new_balance_freezelx_v5_mid_cleat_lacrosse_-_width_2e_onb-freezgo5-2e\/\" \/>\n<meta property=\"og:locale\" content=\"en_US\" \/>\n<meta property=\"og:type\" content=\"article\" \/>\n<meta property=\"og:title\" content=\"New Balance FreezeLX V5 Mid Cleat Lacrosse - Width: 2E - Captain-Lax - The European Lacrosse Shop\" \/>\n<meta property=\"og:description\" content=\"Der New Balance FreezeLX v5 bietet exzellente Traktion, Stabilit\u00e4t und Komfort. Mit TPU-Au\u00dfensohle, atmungsaktivem Mesh-Obermaterial und perfekter Passform f\u00fcr optimale Performance auf dem Spielfeld.\" \/>\n<meta property=\"og:url\" content=\"https:\/\/www.captain-lax.com\/en\/new_balance_freezelx_v5_mid_cleat_lacrosse_-_width_2e_onb-freezgo5-2e\/\" \/>\n<meta property=\"og:site_name\" content=\"Captain-Lax - The European Lacrosse Shop\" \/>\n<meta property=\"article:modified_time\" content=\"2026-02-22T10:45:03+00:00\" \/>\n<meta property=\"og:image\" content=\"https:\/\/www.captain-lax.com\/wp-content\/uploads\/2025\/04\/12f5e96e6ff00b4bc7dec27e01b78086247d18d3_FREEZGO5_1.jpg\" \/>\n\t<meta property=\"og:image:width\" content=\"1250\" \/>\n\t<meta property=\"og:image:height\" content=\"1250\" \/>\n\t<meta property=\"og:image:type\" content=\"image\/jpeg\" \/>\n<meta name=\"twitter:card\" content=\"summary_large_image\" \/>\n<meta name=\"twitter:label1\" content=\"Est. reading time\" \/>\n\t<meta name=\"twitter:data1\" content=\"2 minutes\" \/>\n<script type=\"application\/ld+json\" class=\"yoast-schema-graph\">{\"@context\":\"https:\\\/\\\/schema.org\",\"@graph\":[{\"@type\":\"WebPage\",\"@id\":\"https:\\\/\\\/www.captain-lax.com\\\/en\\\/new_balance_freezelx_v5_mid_cleat_lacrosse_-_width_2e_onb-freezgo5-2e\\\/\",\"url\":\"https:\\\/\\\/www.captain-lax.com\\\/en\\\/new_balance_freezelx_v5_mid_cleat_lacrosse_-_width_2e_onb-freezgo5-2e\\\/\",\"name\":\"New Balance FreezeLX V5 Mid Cleat Lacrosse - Width: 2E - Captain-Lax - The European Lacrosse Shop\",\"isPartOf\":{\"@id\":\"https:\\\/\\\/www.captain-lax.com\\\/#website\"},\"primaryImageOfPage\":{\"@id\":\"https:\\\/\\\/www.captain-lax.com\\\/en\\\/new_balance_freezelx_v5_mid_cleat_lacrosse_-_width_2e_onb-freezgo5-2e\\\/#primaryimage\"},\"image\":{\"@id\":\"https:\\\/\\\/www.captain-lax.com\\\/en\\\/new_balance_freezelx_v5_mid_cleat_lacrosse_-_width_2e_onb-freezgo5-2e\\\/#primaryimage\"},\"thumbnailUrl\":\"https:\\\/\\\/www.captain-lax.com\\\/wp-content\\\/uploads\\\/2025\\\/04\\\/12f5e96e6ff00b4bc7dec27e01b78086247d18d3_FREEZGO5_1.jpg\",\"datePublished\":\"2025-04-04T00:00:00+00:00\",\"dateModified\":\"2026-02-22T10:45:03+00:00\",\"description\":\"Der New Balance FreezeLX v5 bietet exzellente Traktion, Stabilit\u00e4t und Komfort. Mit TPU-Au\u00dfensohle, atmungsaktivem Mesh-Obermaterial und perfekter Passform f\u00fcr optimale Performance auf dem Spielfeld.\",\"breadcrumb\":{\"@id\":\"https:\\\/\\\/www.captain-lax.com\\\/en\\\/new_balance_freezelx_v5_mid_cleat_lacrosse_-_width_2e_onb-freezgo5-2e\\\/#breadcrumb\"},\"inLanguage\":\"en-US\",\"potentialAction\":[{\"@type\":\"ReadAction\",\"target\":[\"https:\\\/\\\/www.captain-lax.com\\\/en\\\/new_balance_freezelx_v5_mid_cleat_lacrosse_-_width_2e_onb-freezgo5-2e\\\/\"]}]},{\"@type\":\"ImageObject\",\"inLanguage\":\"en-US\",\"@id\":\"https:\\\/\\\/www.captain-lax.com\\\/en\\\/new_balance_freezelx_v5_mid_cleat_lacrosse_-_width_2e_onb-freezgo5-2e\\\/#primaryimage\",\"url\":\"https:\\\/\\\/www.captain-lax.com\\\/wp-content\\\/uploads\\\/2025\\\/04\\\/12f5e96e6ff00b4bc7dec27e01b78086247d18d3_FREEZGO5_1.jpg\",\"contentUrl\":\"https:\\\/\\\/www.captain-lax.com\\\/wp-content\\\/uploads\\\/2025\\\/04\\\/12f5e96e6ff00b4bc7dec27e01b78086247d18d3_FREEZGO5_1.jpg\",\"width\":1250,\"height\":1250},{\"@type\":\"BreadcrumbList\",\"@id\":\"https:\\\/\\\/www.captain-lax.com\\\/en\\\/new_balance_freezelx_v5_mid_cleat_lacrosse_-_width_2e_onb-freezgo5-2e\\\/#breadcrumb\",\"itemListElement\":[{\"@type\":\"ListItem\",\"position\":1,\"name\":\"Homepage\",\"item\":\"https:\\\/\\\/www.captain-lax.com\\\/en\\\/home-page\\\/\"},{\"@type\":\"ListItem\",\"position\":2,\"name\":\"Shop\",\"item\":\"https:\\\/\\\/www.captain-lax.com\\\/en\\\/shop\\\/\"},{\"@type\":\"ListItem\",\"position\":3,\"name\":\"New Balance FreezeLX V5 Mid Cleat Lacrosse &#8211; Width: 2E\"}]},{\"@type\":\"WebSite\",\"@id\":\"https:\\\/\\\/www.captain-lax.com\\\/#website\",\"url\":\"https:\\\/\\\/www.captain-lax.com\\\/\",\"name\":\"Captain-Lax - The European Lacrosse Shop\",\"description\":\"Warrior Lacrosse, Harrow, Brine, Bike - captain-lax.com\",\"potentialAction\":[{\"@type\":\"SearchAction\",\"target\":{\"@type\":\"EntryPoint\",\"urlTemplate\":\"https:\\\/\\\/www.captain-lax.com\\\/?s={search_term_string}\"},\"query-input\":{\"@type\":\"PropertyValueSpecification\",\"valueRequired\":true,\"valueName\":\"search_term_string\"}}],\"inLanguage\":\"en-US\"}]}<\/script>\n<!-- \/ Yoast SEO plugin. -->","yoast_head_json":{"title":"New Balance FreezeLX V5 Mid Cleat Lacrosse - Width: 2E - Captain-Lax - The European Lacrosse Shop","description":"Der New Balance FreezeLX v5 bietet exzellente Traktion, Stabilit\u00e4t und Komfort. Mit TPU-Au\u00dfensohle, atmungsaktivem Mesh-Obermaterial und perfekter Passform f\u00fcr optimale Performance auf dem Spielfeld.","robots":{"index":"index","follow":"follow","max-snippet":"max-snippet:-1","max-image-preview":"max-image-preview:large","max-video-preview":"max-video-preview:-1"},"canonical":"https:\/\/www.captain-lax.com\/en\/new_balance_freezelx_v5_mid_cleat_lacrosse_-_width_2e_onb-freezgo5-2e\/","og_locale":"en_US","og_type":"article","og_title":"New Balance FreezeLX V5 Mid Cleat Lacrosse - Width: 2E - Captain-Lax - The European Lacrosse Shop","og_description":"Der New Balance FreezeLX v5 bietet exzellente Traktion, Stabilit\u00e4t und Komfort. Mit TPU-Au\u00dfensohle, atmungsaktivem Mesh-Obermaterial und perfekter Passform f\u00fcr optimale Performance auf dem Spielfeld.","og_url":"https:\/\/www.captain-lax.com\/en\/new_balance_freezelx_v5_mid_cleat_lacrosse_-_width_2e_onb-freezgo5-2e\/","og_site_name":"Captain-Lax - The European Lacrosse Shop","article_modified_time":"2026-02-22T10:45:03+00:00","og_image":[{"width":1250,"height":1250,"url":"https:\/\/www.captain-lax.com\/wp-content\/uploads\/2025\/04\/12f5e96e6ff00b4bc7dec27e01b78086247d18d3_FREEZGO5_1.jpg","type":"image\/jpeg"}],"twitter_card":"summary_large_image","twitter_misc":{"Est. reading time":"2 minutes"},"schema":{"@context":"https:\/\/schema.org","@graph":[{"@type":"WebPage","@id":"https:\/\/www.captain-lax.com\/en\/new_balance_freezelx_v5_mid_cleat_lacrosse_-_width_2e_onb-freezgo5-2e\/","url":"https:\/\/www.captain-lax.com\/en\/new_balance_freezelx_v5_mid_cleat_lacrosse_-_width_2e_onb-freezgo5-2e\/","name":"New Balance FreezeLX V5 Mid Cleat Lacrosse - Width: 2E - Captain-Lax - The European Lacrosse Shop","isPartOf":{"@id":"https:\/\/www.captain-lax.com\/#website"},"primaryImageOfPage":{"@id":"https:\/\/www.captain-lax.com\/en\/new_balance_freezelx_v5_mid_cleat_lacrosse_-_width_2e_onb-freezgo5-2e\/#primaryimage"},"image":{"@id":"https:\/\/www.captain-lax.com\/en\/new_balance_freezelx_v5_mid_cleat_lacrosse_-_width_2e_onb-freezgo5-2e\/#primaryimage"},"thumbnailUrl":"https:\/\/www.captain-lax.com\/wp-content\/uploads\/2025\/04\/12f5e96e6ff00b4bc7dec27e01b78086247d18d3_FREEZGO5_1.jpg","datePublished":"2025-04-04T00:00:00+00:00","dateModified":"2026-02-22T10:45:03+00:00","description":"Der New Balance FreezeLX v5 bietet exzellente Traktion, Stabilit\u00e4t und Komfort. Mit TPU-Au\u00dfensohle, atmungsaktivem Mesh-Obermaterial und perfekter Passform f\u00fcr optimale Performance auf dem Spielfeld.","breadcrumb":{"@id":"https:\/\/www.captain-lax.com\/en\/new_balance_freezelx_v5_mid_cleat_lacrosse_-_width_2e_onb-freezgo5-2e\/#breadcrumb"},"inLanguage":"en-US","potentialAction":[{"@type":"ReadAction","target":["https:\/\/www.captain-lax.com\/en\/new_balance_freezelx_v5_mid_cleat_lacrosse_-_width_2e_onb-freezgo5-2e\/"]}]},{"@type":"ImageObject","inLanguage":"en-US","@id":"https:\/\/www.captain-lax.com\/en\/new_balance_freezelx_v5_mid_cleat_lacrosse_-_width_2e_onb-freezgo5-2e\/#primaryimage","url":"https:\/\/www.captain-lax.com\/wp-content\/uploads\/2025\/04\/12f5e96e6ff00b4bc7dec27e01b78086247d18d3_FREEZGO5_1.jpg","contentUrl":"https:\/\/www.captain-lax.com\/wp-content\/uploads\/2025\/04\/12f5e96e6ff00b4bc7dec27e01b78086247d18d3_FREEZGO5_1.jpg","width":1250,"height":1250},{"@type":"BreadcrumbList","@id":"https:\/\/www.captain-lax.com\/en\/new_balance_freezelx_v5_mid_cleat_lacrosse_-_width_2e_onb-freezgo5-2e\/#breadcrumb","itemListElement":[{"@type":"ListItem","position":1,"name":"Homepage","item":"https:\/\/www.captain-lax.com\/en\/home-page\/"},{"@type":"ListItem","position":2,"name":"Shop","item":"https:\/\/www.captain-lax.com\/en\/shop\/"},{"@type":"ListItem","position":3,"name":"New Balance FreezeLX V5 Mid Cleat Lacrosse &#8211; Width: 2E"}]},{"@type":"WebSite","@id":"https:\/\/www.captain-lax.com\/#website","url":"https:\/\/www.captain-lax.com\/","name":"Captain-Lax - The European Lacrosse Shop","description":"Warrior Lacrosse, Harrow, Brine, Bike - captain-lax.com","potentialAction":[{"@type":"SearchAction","target":{"@type":"EntryPoint","urlTemplate":"https:\/\/www.captain-lax.com\/?s={search_term_string}"},"query-input":{"@type":"PropertyValueSpecification","valueRequired":true,"valueName":"search_term_string"}}],"inLanguage":"en-US"}]}},"brands":[],"_links":{"self":[{"href":"https:\/\/www.captain-lax.com\/en\/wp-json\/wp\/v2\/product\/576627","targetHints":{"allow":["GET"]}}],"collection":[{"href":"https:\/\/www.captain-lax.com\/en\/wp-json\/wp\/v2\/product"}],"about":[{"href":"https:\/\/www.captain-lax.com\/en\/wp-json\/wp\/v2\/types\/product"}],"wp:featuredmedia":[{"embeddable":true,"href":"https:\/\/www.captain-lax.com\/en\/wp-json\/wp\/v2\/media\/660294"}],"wp:attachment":[{"href":"https:\/\/www.captain-lax.com\/en\/wp-json\/wp\/v2\/media?parent=576627"}],"wp:term":[{"taxonomy":"pwb-brand","embeddable":true,"href":"https:\/\/www.captain-lax.com\/en\/wp-json\/wp\/v2\/pwb-brand?post=576627"},{"taxonomy":"product_brand","embeddable":true,"href":"https:\/\/www.captain-lax.com\/en\/wp-json\/wp\/v2\/product_brand?post=576627"},{"taxonomy":"product_cat","embeddable":true,"href":"https:\/\/www.captain-lax.com\/en\/wp-json\/wp\/v2\/product_cat?post=576627"},{"taxonomy":"product_tag","embeddable":true,"href":"https:\/\/www.captain-lax.com\/en\/wp-json\/wp\/v2\/product_tag?post=576627"}],"curies":[{"name":"wp","href":"https:\/\/api.w.org\/{rel}","templated":true}]}}