{"id":73240,"date":"2023-03-12T00:00:00","date_gmt":"2023-03-12T00:00:00","guid":{"rendered":"https:\/\/www.captain-lax.com\/?post_type=product&#038;p=73240"},"modified":"2025-03-27T11:31:58","modified_gmt":"2025-03-27T11:31:58","slug":"brine_edge_pro_women_lacrosse_head_unstrung_obl-uedgpr1","status":"publish","type":"product","link":"https:\/\/www.captain-lax.com\/en\/brine_edge_pro_women_lacrosse_head_unstrung_obl-uedgpr1\/","title":{"rendered":"Brine Edge Pro Women Lacrosse Head Unstrung"},"content":{"rendered":"<p>For fast shots the<b> Brine Lacrosse Edge Pro Strung ISO Warp Mesh Lacrosse Head<\/b> is the ideal choice. The stiff head features a convincing scoop, whose special shape increases the speed of impact and supports precise shooting. This head supports the player in aggressive shots and fast throws to geht the most out of the player&#8217;s performance.<\/p>\n<p>Advantages of the<b> Brine Lacrosse Edge Pro Strung ISO Warp Mesh Lacrosse Head<\/b>:<\/p>\n<ul>\n<li>stiff, durable material<\/li>\n<li>has a light weight<\/li>\n<li>precive shooting and fast throwing<\/li>\n<li>scoop is designed for fast shots<\/li>\n<li>stable, even so stronger forces<\/li>\n<\/ul>\n","protected":false},"excerpt":{"rendered":"<p>For fast shots the Brine Lacrosse Edge Pro Strung ISO Warp Mesh Lacrosse Head is the ideal choice. The stiff head features a convincing scoop, whose special shape increases the speed of impact and supports precise shooting. This head supports the player in aggressive shots and fast throws to geht [&hellip;]<\/p>\n","protected":false},"featured_media":145260,"template":"","meta":[],"pwb-brand":[14942],"product_brand":[],"product_cat":[11436,5375,5383,5373],"product_tag":[],"class_list":{"0":"post-73240","1":"product","2":"type-product","3":"status-publish","4":"has-post-thumbnail","6":"pwb-brand-brine","7":"product_cat-new-arrivals","8":"product_cat-lax_sticks_women_en_GB","9":"product_cat-lax_unstrung_heads_women_en_GB","10":"product_cat-lax_womens_lacrosse_en_GB","11":"pa_woosap_zolltarifnummer-9506-9190-000-en","13":"first","14":"instock","15":"taxable","16":"shipping-taxable","17":"purchasable","18":"product-type-variable"},"yoast_head":"<!-- This site is optimized with the Yoast SEO plugin v27.3 - https:\/\/yoast.com\/product\/yoast-seo-wordpress\/ -->\n<title>Brine Edge Pro Women Lacrosse Head Unstrung - Captain-Lax - The European Lacrosse Shop<\/title>\n<meta name=\"description\" content=\"Brine Lacrosse Edge Pro Unstrung Lacrosse Schl\u00e4gerkopf - F\u00fcr schnelle Sch\u00fcsse ist der Brine Lacrosse Edge Pro Unstrung Lacrosse Schl\u00e4gerkopf die ideale Wahl. Der ste...\" \/>\n<meta name=\"robots\" content=\"index, follow, max-snippet:-1, max-image-preview:large, max-video-preview:-1\" \/>\n<link rel=\"canonical\" href=\"https:\/\/www.captain-lax.com\/en\/brine_edge_pro_women_lacrosse_head_unstrung_obl-uedgpr1\/\" \/>\n<meta property=\"og:locale\" content=\"en_US\" \/>\n<meta property=\"og:type\" content=\"article\" \/>\n<meta property=\"og:title\" content=\"Brine Edge Pro Women Lacrosse Head Unstrung - Captain-Lax - The European Lacrosse Shop\" \/>\n<meta property=\"og:description\" content=\"Brine Lacrosse Edge Pro Unstrung Lacrosse Schl\u00e4gerkopf - F\u00fcr schnelle Sch\u00fcsse ist der Brine Lacrosse Edge Pro Unstrung Lacrosse Schl\u00e4gerkopf die ideale Wahl. Der ste...\" \/>\n<meta property=\"og:url\" content=\"https:\/\/www.captain-lax.com\/en\/brine_edge_pro_women_lacrosse_head_unstrung_obl-uedgpr1\/\" \/>\n<meta property=\"og:site_name\" content=\"Captain-Lax - The European Lacrosse Shop\" \/>\n<meta property=\"article:modified_time\" content=\"2025-03-27T11:31:58+00:00\" \/>\n<meta property=\"og:image\" content=\"https:\/\/www.captain-lax.com\/wp-content\/uploads\/2023\/03\/9371c99a9f4a0ac0899e0ded99bbbe28e356e797_brine_lacrosse_edge_pro_unstrung_lacross_o40455.jpg\" \/>\n\t<meta property=\"og:image:width\" content=\"1250\" \/>\n\t<meta property=\"og:image:height\" content=\"1250\" \/>\n\t<meta property=\"og:image:type\" content=\"image\/jpeg\" \/>\n<meta name=\"twitter:card\" content=\"summary_large_image\" \/>\n<meta name=\"twitter:label1\" content=\"Est. reading time\" \/>\n\t<meta name=\"twitter:data1\" content=\"1 minute\" \/>\n<script type=\"application\/ld+json\" class=\"yoast-schema-graph\">{\"@context\":\"https:\\\/\\\/schema.org\",\"@graph\":[{\"@type\":\"WebPage\",\"@id\":\"https:\\\/\\\/www.captain-lax.com\\\/en\\\/brine_edge_pro_women_lacrosse_head_unstrung_obl-uedgpr1\\\/\",\"url\":\"https:\\\/\\\/www.captain-lax.com\\\/en\\\/brine_edge_pro_women_lacrosse_head_unstrung_obl-uedgpr1\\\/\",\"name\":\"Brine Edge Pro Women Lacrosse Head Unstrung - Captain-Lax - The European Lacrosse Shop\",\"isPartOf\":{\"@id\":\"https:\\\/\\\/www.captain-lax.com\\\/#website\"},\"primaryImageOfPage\":{\"@id\":\"https:\\\/\\\/www.captain-lax.com\\\/en\\\/brine_edge_pro_women_lacrosse_head_unstrung_obl-uedgpr1\\\/#primaryimage\"},\"image\":{\"@id\":\"https:\\\/\\\/www.captain-lax.com\\\/en\\\/brine_edge_pro_women_lacrosse_head_unstrung_obl-uedgpr1\\\/#primaryimage\"},\"thumbnailUrl\":\"https:\\\/\\\/www.captain-lax.com\\\/wp-content\\\/uploads\\\/2023\\\/03\\\/9371c99a9f4a0ac0899e0ded99bbbe28e356e797_brine_lacrosse_edge_pro_unstrung_lacross_o40455.jpg\",\"datePublished\":\"2023-03-12T00:00:00+00:00\",\"dateModified\":\"2025-03-27T11:31:58+00:00\",\"description\":\"Brine Lacrosse Edge Pro Unstrung Lacrosse Schl\u00e4gerkopf - F\u00fcr schnelle Sch\u00fcsse ist der Brine Lacrosse Edge Pro Unstrung Lacrosse Schl\u00e4gerkopf die ideale Wahl. Der ste...\",\"breadcrumb\":{\"@id\":\"https:\\\/\\\/www.captain-lax.com\\\/en\\\/brine_edge_pro_women_lacrosse_head_unstrung_obl-uedgpr1\\\/#breadcrumb\"},\"inLanguage\":\"en-US\",\"potentialAction\":[{\"@type\":\"ReadAction\",\"target\":[\"https:\\\/\\\/www.captain-lax.com\\\/en\\\/brine_edge_pro_women_lacrosse_head_unstrung_obl-uedgpr1\\\/\"]}]},{\"@type\":\"ImageObject\",\"inLanguage\":\"en-US\",\"@id\":\"https:\\\/\\\/www.captain-lax.com\\\/en\\\/brine_edge_pro_women_lacrosse_head_unstrung_obl-uedgpr1\\\/#primaryimage\",\"url\":\"https:\\\/\\\/www.captain-lax.com\\\/wp-content\\\/uploads\\\/2023\\\/03\\\/9371c99a9f4a0ac0899e0ded99bbbe28e356e797_brine_lacrosse_edge_pro_unstrung_lacross_o40455.jpg\",\"contentUrl\":\"https:\\\/\\\/www.captain-lax.com\\\/wp-content\\\/uploads\\\/2023\\\/03\\\/9371c99a9f4a0ac0899e0ded99bbbe28e356e797_brine_lacrosse_edge_pro_unstrung_lacross_o40455.jpg\",\"width\":1250,\"height\":1250},{\"@type\":\"BreadcrumbList\",\"@id\":\"https:\\\/\\\/www.captain-lax.com\\\/en\\\/brine_edge_pro_women_lacrosse_head_unstrung_obl-uedgpr1\\\/#breadcrumb\",\"itemListElement\":[{\"@type\":\"ListItem\",\"position\":1,\"name\":\"Homepage\",\"item\":\"https:\\\/\\\/www.captain-lax.com\\\/en\\\/home-page\\\/\"},{\"@type\":\"ListItem\",\"position\":2,\"name\":\"Shop\",\"item\":\"https:\\\/\\\/www.captain-lax.com\\\/en\\\/shop\\\/\"},{\"@type\":\"ListItem\",\"position\":3,\"name\":\"Brine Edge Pro Women Lacrosse Head Unstrung\"}]},{\"@type\":\"WebSite\",\"@id\":\"https:\\\/\\\/www.captain-lax.com\\\/#website\",\"url\":\"https:\\\/\\\/www.captain-lax.com\\\/\",\"name\":\"Captain-Lax - The European Lacrosse Shop\",\"description\":\"Warrior Lacrosse, Harrow, Brine, Bike - captain-lax.com\",\"potentialAction\":[{\"@type\":\"SearchAction\",\"target\":{\"@type\":\"EntryPoint\",\"urlTemplate\":\"https:\\\/\\\/www.captain-lax.com\\\/?s={search_term_string}\"},\"query-input\":{\"@type\":\"PropertyValueSpecification\",\"valueRequired\":true,\"valueName\":\"search_term_string\"}}],\"inLanguage\":\"en-US\"}]}<\/script>\n<!-- \/ Yoast SEO plugin. -->","yoast_head_json":{"title":"Brine Edge Pro Women Lacrosse Head Unstrung - Captain-Lax - The European Lacrosse Shop","description":"Brine Lacrosse Edge Pro Unstrung Lacrosse Schl\u00e4gerkopf - F\u00fcr schnelle Sch\u00fcsse ist der Brine Lacrosse Edge Pro Unstrung Lacrosse Schl\u00e4gerkopf die ideale Wahl. Der ste...","robots":{"index":"index","follow":"follow","max-snippet":"max-snippet:-1","max-image-preview":"max-image-preview:large","max-video-preview":"max-video-preview:-1"},"canonical":"https:\/\/www.captain-lax.com\/en\/brine_edge_pro_women_lacrosse_head_unstrung_obl-uedgpr1\/","og_locale":"en_US","og_type":"article","og_title":"Brine Edge Pro Women Lacrosse Head Unstrung - Captain-Lax - The European Lacrosse Shop","og_description":"Brine Lacrosse Edge Pro Unstrung Lacrosse Schl\u00e4gerkopf - F\u00fcr schnelle Sch\u00fcsse ist der Brine Lacrosse Edge Pro Unstrung Lacrosse Schl\u00e4gerkopf die ideale Wahl. Der ste...","og_url":"https:\/\/www.captain-lax.com\/en\/brine_edge_pro_women_lacrosse_head_unstrung_obl-uedgpr1\/","og_site_name":"Captain-Lax - The European Lacrosse Shop","article_modified_time":"2025-03-27T11:31:58+00:00","og_image":[{"width":1250,"height":1250,"url":"https:\/\/www.captain-lax.com\/wp-content\/uploads\/2023\/03\/9371c99a9f4a0ac0899e0ded99bbbe28e356e797_brine_lacrosse_edge_pro_unstrung_lacross_o40455.jpg","type":"image\/jpeg"}],"twitter_card":"summary_large_image","twitter_misc":{"Est. reading time":"1 minute"},"schema":{"@context":"https:\/\/schema.org","@graph":[{"@type":"WebPage","@id":"https:\/\/www.captain-lax.com\/en\/brine_edge_pro_women_lacrosse_head_unstrung_obl-uedgpr1\/","url":"https:\/\/www.captain-lax.com\/en\/brine_edge_pro_women_lacrosse_head_unstrung_obl-uedgpr1\/","name":"Brine Edge Pro Women Lacrosse Head Unstrung - Captain-Lax - The European Lacrosse Shop","isPartOf":{"@id":"https:\/\/www.captain-lax.com\/#website"},"primaryImageOfPage":{"@id":"https:\/\/www.captain-lax.com\/en\/brine_edge_pro_women_lacrosse_head_unstrung_obl-uedgpr1\/#primaryimage"},"image":{"@id":"https:\/\/www.captain-lax.com\/en\/brine_edge_pro_women_lacrosse_head_unstrung_obl-uedgpr1\/#primaryimage"},"thumbnailUrl":"https:\/\/www.captain-lax.com\/wp-content\/uploads\/2023\/03\/9371c99a9f4a0ac0899e0ded99bbbe28e356e797_brine_lacrosse_edge_pro_unstrung_lacross_o40455.jpg","datePublished":"2023-03-12T00:00:00+00:00","dateModified":"2025-03-27T11:31:58+00:00","description":"Brine Lacrosse Edge Pro Unstrung Lacrosse Schl\u00e4gerkopf - F\u00fcr schnelle Sch\u00fcsse ist der Brine Lacrosse Edge Pro Unstrung Lacrosse Schl\u00e4gerkopf die ideale Wahl. Der ste...","breadcrumb":{"@id":"https:\/\/www.captain-lax.com\/en\/brine_edge_pro_women_lacrosse_head_unstrung_obl-uedgpr1\/#breadcrumb"},"inLanguage":"en-US","potentialAction":[{"@type":"ReadAction","target":["https:\/\/www.captain-lax.com\/en\/brine_edge_pro_women_lacrosse_head_unstrung_obl-uedgpr1\/"]}]},{"@type":"ImageObject","inLanguage":"en-US","@id":"https:\/\/www.captain-lax.com\/en\/brine_edge_pro_women_lacrosse_head_unstrung_obl-uedgpr1\/#primaryimage","url":"https:\/\/www.captain-lax.com\/wp-content\/uploads\/2023\/03\/9371c99a9f4a0ac0899e0ded99bbbe28e356e797_brine_lacrosse_edge_pro_unstrung_lacross_o40455.jpg","contentUrl":"https:\/\/www.captain-lax.com\/wp-content\/uploads\/2023\/03\/9371c99a9f4a0ac0899e0ded99bbbe28e356e797_brine_lacrosse_edge_pro_unstrung_lacross_o40455.jpg","width":1250,"height":1250},{"@type":"BreadcrumbList","@id":"https:\/\/www.captain-lax.com\/en\/brine_edge_pro_women_lacrosse_head_unstrung_obl-uedgpr1\/#breadcrumb","itemListElement":[{"@type":"ListItem","position":1,"name":"Homepage","item":"https:\/\/www.captain-lax.com\/en\/home-page\/"},{"@type":"ListItem","position":2,"name":"Shop","item":"https:\/\/www.captain-lax.com\/en\/shop\/"},{"@type":"ListItem","position":3,"name":"Brine Edge Pro Women Lacrosse Head Unstrung"}]},{"@type":"WebSite","@id":"https:\/\/www.captain-lax.com\/#website","url":"https:\/\/www.captain-lax.com\/","name":"Captain-Lax - The European Lacrosse Shop","description":"Warrior Lacrosse, Harrow, Brine, Bike - captain-lax.com","potentialAction":[{"@type":"SearchAction","target":{"@type":"EntryPoint","urlTemplate":"https:\/\/www.captain-lax.com\/?s={search_term_string}"},"query-input":{"@type":"PropertyValueSpecification","valueRequired":true,"valueName":"search_term_string"}}],"inLanguage":"en-US"}]}},"brands":[{"id":14942,"name":"Brine","slug":"brine"}],"_links":{"self":[{"href":"https:\/\/www.captain-lax.com\/en\/wp-json\/wp\/v2\/product\/73240","targetHints":{"allow":["GET"]}}],"collection":[{"href":"https:\/\/www.captain-lax.com\/en\/wp-json\/wp\/v2\/product"}],"about":[{"href":"https:\/\/www.captain-lax.com\/en\/wp-json\/wp\/v2\/types\/product"}],"wp:featuredmedia":[{"embeddable":true,"href":"https:\/\/www.captain-lax.com\/en\/wp-json\/wp\/v2\/media\/145260"}],"wp:attachment":[{"href":"https:\/\/www.captain-lax.com\/en\/wp-json\/wp\/v2\/media?parent=73240"}],"wp:term":[{"taxonomy":"pwb-brand","embeddable":true,"href":"https:\/\/www.captain-lax.com\/en\/wp-json\/wp\/v2\/pwb-brand?post=73240"},{"taxonomy":"product_brand","embeddable":true,"href":"https:\/\/www.captain-lax.com\/en\/wp-json\/wp\/v2\/product_brand?post=73240"},{"taxonomy":"product_cat","embeddable":true,"href":"https:\/\/www.captain-lax.com\/en\/wp-json\/wp\/v2\/product_cat?post=73240"},{"taxonomy":"product_tag","embeddable":true,"href":"https:\/\/www.captain-lax.com\/en\/wp-json\/wp\/v2\/product_tag?post=73240"}],"curies":[{"name":"wp","href":"https:\/\/api.w.org\/{rel}","templated":true}]}}