{"id":73696,"date":"2024-11-23T00:00:00","date_gmt":"2024-11-23T00:00:00","guid":{"rendered":""},"modified":"2026-04-20T21:02:44","modified_gmt":"2026-04-20T21:02:44","slug":"brine_lacrosse_dynasty_elite_ii_int_head_strung_obl-whsdint","status":"publish","type":"product","link":"https:\/\/www.captain-lax.com\/en\/brine_lacrosse_dynasty_elite_ii_int_head_strung_obl-whsdint\/","title":{"rendered":"Brine Lacrosse Dynasty Elite II INT Head Strung"},"content":{"rendered":"<p>The <b>Brine Lacrosse Dynasty Elite II INT Head Strung<\/b> provides someimportant advatages on the field because of its various technologies.<\/p>\n<p>Advantages of the <b>Brine Lacrosse Dynasty Elite II INT Head Strung<\/b>:<\/p>\n<ul>\n<li>Core-TechTM reduces weight<\/li>\n<li>Mirror-TechTM for enhanced stiffness while picking upground balls<\/li>\n<li>improved sweet spot and new sidewall design for more control andfaster release<\/li>\n<li>new Flex Pocket with Grid-Flex places the ball in sweet spot<\/li>\n<li>meets FIL specifications<\/li>\n<\/ul>\n","protected":false},"excerpt":{"rendered":"<p>The Brine Lacrosse Dynasty Elite II INT Head Strung provides someimportant advatages on the field because of its various technologies. Advantages of the Brine Lacrosse Dynasty Elite II INT Head Strung: Core-TechTM reduces weight Mirror-TechTM for enhanced stiffness while picking upground balls improved sweet spot and new sidewall design for [&hellip;]<\/p>\n","protected":false},"featured_media":563047,"template":"","meta":[],"pwb-brand":[14942],"product_brand":[],"product_cat":[9953,11435,5375,5381,5373],"product_tag":[],"class_list":{"0":"post-73696","1":"product","2":"type-product","3":"status-publish","4":"has-post-thumbnail","6":"pwb-brand-brine","7":"product_cat-lax_deals","8":"product_cat-deals","9":"product_cat-lax_sticks_women_en_GB","10":"product_cat-lax_heads_women_en_GB","11":"product_cat-lax_womens_lacrosse_en_GB","12":"pa_woosap_zolltarifnummer-9506-9190-000-en","14":"first","15":"instock","16":"sale","17":"taxable","18":"shipping-taxable","19":"purchasable","20":"product-type-variable"},"yoast_head":"<!-- This site is optimized with the Yoast SEO plugin v27.3 - https:\/\/yoast.com\/product\/yoast-seo-wordpress\/ -->\n<title>Brine Lacrosse Dynasty Elite II INT Head Strung - Captain-Lax - The European Lacrosse Shop<\/title>\n<meta name=\"description\" content=\"Brine Lacrosse Dynasty Elite II INT Schl\u00e4gerkopf Strung - Der Brine Lacrosse Dynasty Elite II INT Schl\u00e4gerkopf Strungerm\u00f6glicht dir dank seiner vielf\u00e4ltigen Technologien einige tol...\" \/>\n<meta name=\"robots\" content=\"index, follow, max-snippet:-1, max-image-preview:large, max-video-preview:-1\" \/>\n<link rel=\"canonical\" href=\"https:\/\/www.captain-lax.com\/en\/brine_lacrosse_dynasty_elite_ii_int_head_strung_obl-whsdint\/\" \/>\n<meta property=\"og:locale\" content=\"en_US\" \/>\n<meta property=\"og:type\" content=\"article\" \/>\n<meta property=\"og:title\" content=\"Brine Lacrosse Dynasty Elite II INT Head Strung - Captain-Lax - The European Lacrosse Shop\" \/>\n<meta property=\"og:description\" content=\"Brine Lacrosse Dynasty Elite II INT Schl\u00e4gerkopf Strung - Der Brine Lacrosse Dynasty Elite II INT Schl\u00e4gerkopf Strungerm\u00f6glicht dir dank seiner vielf\u00e4ltigen Technologien einige tol...\" \/>\n<meta property=\"og:url\" content=\"https:\/\/www.captain-lax.com\/en\/brine_lacrosse_dynasty_elite_ii_int_head_strung_obl-whsdint\/\" \/>\n<meta property=\"og:site_name\" content=\"Captain-Lax - The European Lacrosse Shop\" \/>\n<meta property=\"article:modified_time\" content=\"2026-04-20T21:02:44+00:00\" \/>\n<meta property=\"og:image\" content=\"https:\/\/www.captain-lax.com\/wp-content\/uploads\/2023\/03\/7693430ff5c93208f68bad4c5fa6d9359aee3d16_brine_lacrosse_dynasty_elite_ii_int_schl_o34834.jpg\" \/>\n\t<meta property=\"og:image:width\" content=\"1250\" \/>\n\t<meta property=\"og:image:height\" content=\"1250\" \/>\n\t<meta property=\"og:image:type\" content=\"image\/jpeg\" \/>\n<meta name=\"twitter:card\" content=\"summary_large_image\" \/>\n<script type=\"application\/ld+json\" class=\"yoast-schema-graph\">{\"@context\":\"https:\\\/\\\/schema.org\",\"@graph\":[{\"@type\":\"WebPage\",\"@id\":\"https:\\\/\\\/www.captain-lax.com\\\/en\\\/brine_lacrosse_dynasty_elite_ii_int_head_strung_obl-whsdint\\\/\",\"url\":\"https:\\\/\\\/www.captain-lax.com\\\/en\\\/brine_lacrosse_dynasty_elite_ii_int_head_strung_obl-whsdint\\\/\",\"name\":\"Brine Lacrosse Dynasty Elite II INT Head Strung - Captain-Lax - The European Lacrosse Shop\",\"isPartOf\":{\"@id\":\"https:\\\/\\\/www.captain-lax.com\\\/#website\"},\"primaryImageOfPage\":{\"@id\":\"https:\\\/\\\/www.captain-lax.com\\\/en\\\/brine_lacrosse_dynasty_elite_ii_int_head_strung_obl-whsdint\\\/#primaryimage\"},\"image\":{\"@id\":\"https:\\\/\\\/www.captain-lax.com\\\/en\\\/brine_lacrosse_dynasty_elite_ii_int_head_strung_obl-whsdint\\\/#primaryimage\"},\"thumbnailUrl\":\"https:\\\/\\\/www.captain-lax.com\\\/wp-content\\\/uploads\\\/2024\\\/11\\\/7693430ff5c93208f68bad4c5fa6d9359aee3d16_brine_lacrosse_dynasty_elite_ii_int_schl_o34834.jpg\",\"datePublished\":\"2024-11-23T00:00:00+00:00\",\"dateModified\":\"2026-04-20T21:02:44+00:00\",\"description\":\"Brine Lacrosse Dynasty Elite II INT Schl\u00e4gerkopf Strung - Der Brine Lacrosse Dynasty Elite II INT Schl\u00e4gerkopf Strungerm\u00f6glicht dir dank seiner vielf\u00e4ltigen Technologien einige tol...\",\"breadcrumb\":{\"@id\":\"https:\\\/\\\/www.captain-lax.com\\\/en\\\/brine_lacrosse_dynasty_elite_ii_int_head_strung_obl-whsdint\\\/#breadcrumb\"},\"inLanguage\":\"en-US\",\"potentialAction\":[{\"@type\":\"ReadAction\",\"target\":[\"https:\\\/\\\/www.captain-lax.com\\\/en\\\/brine_lacrosse_dynasty_elite_ii_int_head_strung_obl-whsdint\\\/\"]}]},{\"@type\":\"ImageObject\",\"inLanguage\":\"en-US\",\"@id\":\"https:\\\/\\\/www.captain-lax.com\\\/en\\\/brine_lacrosse_dynasty_elite_ii_int_head_strung_obl-whsdint\\\/#primaryimage\",\"url\":\"https:\\\/\\\/www.captain-lax.com\\\/wp-content\\\/uploads\\\/2024\\\/11\\\/7693430ff5c93208f68bad4c5fa6d9359aee3d16_brine_lacrosse_dynasty_elite_ii_int_schl_o34834.jpg\",\"contentUrl\":\"https:\\\/\\\/www.captain-lax.com\\\/wp-content\\\/uploads\\\/2024\\\/11\\\/7693430ff5c93208f68bad4c5fa6d9359aee3d16_brine_lacrosse_dynasty_elite_ii_int_schl_o34834.jpg\",\"width\":1250,\"height\":1250},{\"@type\":\"BreadcrumbList\",\"@id\":\"https:\\\/\\\/www.captain-lax.com\\\/en\\\/brine_lacrosse_dynasty_elite_ii_int_head_strung_obl-whsdint\\\/#breadcrumb\",\"itemListElement\":[{\"@type\":\"ListItem\",\"position\":1,\"name\":\"Homepage\",\"item\":\"https:\\\/\\\/www.captain-lax.com\\\/en\\\/home-page\\\/\"},{\"@type\":\"ListItem\",\"position\":2,\"name\":\"Shop\",\"item\":\"https:\\\/\\\/www.captain-lax.com\\\/en\\\/shop\\\/\"},{\"@type\":\"ListItem\",\"position\":3,\"name\":\"Brine Lacrosse Dynasty Elite II INT Head Strung\"}]},{\"@type\":\"WebSite\",\"@id\":\"https:\\\/\\\/www.captain-lax.com\\\/#website\",\"url\":\"https:\\\/\\\/www.captain-lax.com\\\/\",\"name\":\"Captain-Lax - The European Lacrosse Shop\",\"description\":\"Warrior Lacrosse, Harrow, Brine, Bike - captain-lax.com\",\"potentialAction\":[{\"@type\":\"SearchAction\",\"target\":{\"@type\":\"EntryPoint\",\"urlTemplate\":\"https:\\\/\\\/www.captain-lax.com\\\/?s={search_term_string}\"},\"query-input\":{\"@type\":\"PropertyValueSpecification\",\"valueRequired\":true,\"valueName\":\"search_term_string\"}}],\"inLanguage\":\"en-US\"}]}<\/script>\n<!-- \/ Yoast SEO plugin. -->","yoast_head_json":{"title":"Brine Lacrosse Dynasty Elite II INT Head Strung - Captain-Lax - The European Lacrosse Shop","description":"Brine Lacrosse Dynasty Elite II INT Schl\u00e4gerkopf Strung - Der Brine Lacrosse Dynasty Elite II INT Schl\u00e4gerkopf Strungerm\u00f6glicht dir dank seiner vielf\u00e4ltigen Technologien einige tol...","robots":{"index":"index","follow":"follow","max-snippet":"max-snippet:-1","max-image-preview":"max-image-preview:large","max-video-preview":"max-video-preview:-1"},"canonical":"https:\/\/www.captain-lax.com\/en\/brine_lacrosse_dynasty_elite_ii_int_head_strung_obl-whsdint\/","og_locale":"en_US","og_type":"article","og_title":"Brine Lacrosse Dynasty Elite II INT Head Strung - Captain-Lax - The European Lacrosse Shop","og_description":"Brine Lacrosse Dynasty Elite II INT Schl\u00e4gerkopf Strung - Der Brine Lacrosse Dynasty Elite II INT Schl\u00e4gerkopf Strungerm\u00f6glicht dir dank seiner vielf\u00e4ltigen Technologien einige tol...","og_url":"https:\/\/www.captain-lax.com\/en\/brine_lacrosse_dynasty_elite_ii_int_head_strung_obl-whsdint\/","og_site_name":"Captain-Lax - The European Lacrosse Shop","article_modified_time":"2026-04-20T21:02:44+00:00","og_image":[{"width":1250,"height":1250,"url":"https:\/\/www.captain-lax.com\/wp-content\/uploads\/2023\/03\/7693430ff5c93208f68bad4c5fa6d9359aee3d16_brine_lacrosse_dynasty_elite_ii_int_schl_o34834.jpg","type":"image\/jpeg"}],"twitter_card":"summary_large_image","schema":{"@context":"https:\/\/schema.org","@graph":[{"@type":"WebPage","@id":"https:\/\/www.captain-lax.com\/en\/brine_lacrosse_dynasty_elite_ii_int_head_strung_obl-whsdint\/","url":"https:\/\/www.captain-lax.com\/en\/brine_lacrosse_dynasty_elite_ii_int_head_strung_obl-whsdint\/","name":"Brine Lacrosse Dynasty Elite II INT Head Strung - Captain-Lax - The European Lacrosse Shop","isPartOf":{"@id":"https:\/\/www.captain-lax.com\/#website"},"primaryImageOfPage":{"@id":"https:\/\/www.captain-lax.com\/en\/brine_lacrosse_dynasty_elite_ii_int_head_strung_obl-whsdint\/#primaryimage"},"image":{"@id":"https:\/\/www.captain-lax.com\/en\/brine_lacrosse_dynasty_elite_ii_int_head_strung_obl-whsdint\/#primaryimage"},"thumbnailUrl":"https:\/\/www.captain-lax.com\/wp-content\/uploads\/2024\/11\/7693430ff5c93208f68bad4c5fa6d9359aee3d16_brine_lacrosse_dynasty_elite_ii_int_schl_o34834.jpg","datePublished":"2024-11-23T00:00:00+00:00","dateModified":"2026-04-20T21:02:44+00:00","description":"Brine Lacrosse Dynasty Elite II INT Schl\u00e4gerkopf Strung - Der Brine Lacrosse Dynasty Elite II INT Schl\u00e4gerkopf Strungerm\u00f6glicht dir dank seiner vielf\u00e4ltigen Technologien einige tol...","breadcrumb":{"@id":"https:\/\/www.captain-lax.com\/en\/brine_lacrosse_dynasty_elite_ii_int_head_strung_obl-whsdint\/#breadcrumb"},"inLanguage":"en-US","potentialAction":[{"@type":"ReadAction","target":["https:\/\/www.captain-lax.com\/en\/brine_lacrosse_dynasty_elite_ii_int_head_strung_obl-whsdint\/"]}]},{"@type":"ImageObject","inLanguage":"en-US","@id":"https:\/\/www.captain-lax.com\/en\/brine_lacrosse_dynasty_elite_ii_int_head_strung_obl-whsdint\/#primaryimage","url":"https:\/\/www.captain-lax.com\/wp-content\/uploads\/2024\/11\/7693430ff5c93208f68bad4c5fa6d9359aee3d16_brine_lacrosse_dynasty_elite_ii_int_schl_o34834.jpg","contentUrl":"https:\/\/www.captain-lax.com\/wp-content\/uploads\/2024\/11\/7693430ff5c93208f68bad4c5fa6d9359aee3d16_brine_lacrosse_dynasty_elite_ii_int_schl_o34834.jpg","width":1250,"height":1250},{"@type":"BreadcrumbList","@id":"https:\/\/www.captain-lax.com\/en\/brine_lacrosse_dynasty_elite_ii_int_head_strung_obl-whsdint\/#breadcrumb","itemListElement":[{"@type":"ListItem","position":1,"name":"Homepage","item":"https:\/\/www.captain-lax.com\/en\/home-page\/"},{"@type":"ListItem","position":2,"name":"Shop","item":"https:\/\/www.captain-lax.com\/en\/shop\/"},{"@type":"ListItem","position":3,"name":"Brine Lacrosse Dynasty Elite II INT Head Strung"}]},{"@type":"WebSite","@id":"https:\/\/www.captain-lax.com\/#website","url":"https:\/\/www.captain-lax.com\/","name":"Captain-Lax - The European Lacrosse Shop","description":"Warrior Lacrosse, Harrow, Brine, Bike - captain-lax.com","potentialAction":[{"@type":"SearchAction","target":{"@type":"EntryPoint","urlTemplate":"https:\/\/www.captain-lax.com\/?s={search_term_string}"},"query-input":{"@type":"PropertyValueSpecification","valueRequired":true,"valueName":"search_term_string"}}],"inLanguage":"en-US"}]}},"brands":[{"id":14942,"name":"Brine","slug":"brine"}],"_links":{"self":[{"href":"https:\/\/www.captain-lax.com\/en\/wp-json\/wp\/v2\/product\/73696","targetHints":{"allow":["GET"]}}],"collection":[{"href":"https:\/\/www.captain-lax.com\/en\/wp-json\/wp\/v2\/product"}],"about":[{"href":"https:\/\/www.captain-lax.com\/en\/wp-json\/wp\/v2\/types\/product"}],"wp:featuredmedia":[{"embeddable":true,"href":"https:\/\/www.captain-lax.com\/en\/wp-json\/wp\/v2\/media\/563047"}],"wp:attachment":[{"href":"https:\/\/www.captain-lax.com\/en\/wp-json\/wp\/v2\/media?parent=73696"}],"wp:term":[{"taxonomy":"pwb-brand","embeddable":true,"href":"https:\/\/www.captain-lax.com\/en\/wp-json\/wp\/v2\/pwb-brand?post=73696"},{"taxonomy":"product_brand","embeddable":true,"href":"https:\/\/www.captain-lax.com\/en\/wp-json\/wp\/v2\/product_brand?post=73696"},{"taxonomy":"product_cat","embeddable":true,"href":"https:\/\/www.captain-lax.com\/en\/wp-json\/wp\/v2\/product_cat?post=73696"},{"taxonomy":"product_tag","embeddable":true,"href":"https:\/\/www.captain-lax.com\/en\/wp-json\/wp\/v2\/product_tag?post=73696"}],"curies":[{"name":"wp","href":"https:\/\/api.w.org\/{rel}","templated":true}]}}